{"id":135,"date":"2015-03-26T17:58:06","date_gmt":"2015-03-26T15:58:06","guid":{"rendered":"http:\/\/trenchtown.musikerohnegrenzen.de\/?page_id=135"},"modified":"2015-03-26T17:58:06","modified_gmt":"2015-03-26T15:58:06","slug":"videos","status":"publish","type":"page","link":"https:\/\/jamaika.musikerohnegrenzen.de\/en\/medien\/videos\/","title":{"rendered":"Videos"},"content":{"rendered":"<p>&#8220;Warm-Up&#8221; bei einem unserer Meetings im Culture Yard:<\/p>\n<p><span class=\"embed-youtube\" style=\"text-align:center; display: block;\"><iframe loading=\"lazy\" class=\"youtube-player\" width=\"960\" height=\"540\" src=\"https:\/\/www.youtube.com\/embed\/wcZhfdHXNck?version=3&#038;rel=1&#038;showsearch=0&#038;showinfo=1&#038;iv_load_policy=1&#038;fs=1&#038;hl=en-US&#038;autohide=2&#038;wmode=transparent\" allowfullscreen=\"true\" style=\"border:0;\" sandbox=\"allow-scripts allow-same-origin allow-popups allow-presentation allow-popups-to-escape-sandbox\"><\/iframe><\/span><\/p>\n<p>&nbsp;<\/p>\n<p>Sch\u00fcler der Charlie Smith High School singen &#8220;Ole Wanna&#8221;:<\/p>\n<p><span class=\"embed-youtube\" style=\"text-align:center; display: block;\"><iframe loading=\"lazy\" class=\"youtube-player\" width=\"960\" height=\"540\" src=\"https:\/\/www.youtube.com\/embed\/6y4KZu5cbII?version=3&#038;rel=1&#038;showsearch=0&#038;showinfo=1&#038;iv_load_policy=1&#038;fs=1&#038;hl=en-US&#038;autohide=2&#038;wmode=transparent\" allowfullscreen=\"true\" style=\"border:0;\" sandbox=\"allow-scripts allow-same-origin allow-popups allow-presentation allow-popups-to-escape-sandbox\"><\/iframe><\/span><\/p>\n<p>&nbsp;<\/p>\n<p>Saxophon-Sch\u00fcler Jowayne und die Freiwillige Joza spielen gemeinsam im <a href=\"http:\/\/jamaicamusiccamp.com\/\" target=\"_blank\">Jamaica Music Camp<\/a>:<\/p>\n<p><span class=\"embed-youtube\" style=\"text-align:center; display: block;\"><iframe loading=\"lazy\" class=\"youtube-player\" width=\"960\" height=\"540\" src=\"https:\/\/www.youtube.com\/embed\/j6u5sBQgZVU?version=3&#038;rel=1&#038;showsearch=0&#038;showinfo=1&#038;iv_load_policy=1&#038;fs=1&#038;hl=en-US&#038;autohide=2&#038;wmode=transparent\" allowfullscreen=\"true\" style=\"border:0;\" sandbox=\"allow-scripts allow-same-origin allow-popups allow-presentation allow-popups-to-escape-sandbox\"><\/iframe><\/span><\/p>\n<p>&nbsp;<\/p>\n<p>Kaylia auf den Spuren des gro\u00dfen Bob Marley:<\/p>\n<p><span class=\"embed-youtube\" style=\"text-align:center; display: block;\"><iframe loading=\"lazy\" class=\"youtube-player\" width=\"960\" height=\"540\" src=\"https:\/\/www.youtube.com\/embed\/BQKRHUKvJlM?version=3&#038;rel=1&#038;showsearch=0&#038;showinfo=1&#038;iv_load_policy=1&#038;fs=1&#038;hl=en-US&#038;autohide=2&#038;wmode=transparent\" allowfullscreen=\"true\" style=\"border:0;\" sandbox=\"allow-scripts allow-same-origin allow-popups allow-presentation allow-popups-to-escape-sandbox\"><\/iframe><\/span><\/p>\n","protected":false},"excerpt":{"rendered":"<p>&#8220;Warm-Up&#8221; bei einem unserer Meetings im Culture Yard: &nbsp; Sch\u00fcler der Charlie Smith High School singen &#8220;Ole Wanna&#8221;: &nbsp; Saxophon-Sch\u00fcler Jowayne und die Freiwillige Joza spielen gemeinsam im Jamaica Music Camp: &nbsp; Kaylia auf den Spuren des gro\u00dfen Bob Marley:<\/p>\n","protected":false},"author":3,"featured_media":0,"parent":116,"menu_order":5,"comment_status":"closed","ping_status":"closed","template":"","meta":{"footnotes":""},"translation":{"provider":"WPGlobus","version":"2.12.2","language":"en","enabled_languages":["de","en"],"languages":{"de":{"title":true,"content":true,"excerpt":false},"en":{"title":false,"content":false,"excerpt":false}}},"jetpack_sharing_enabled":true,"jetpack_shortlink":"https:\/\/wp.me\/P8Zlqp-2b","_links":{"self":[{"href":"https:\/\/jamaika.musikerohnegrenzen.de\/en\/wp-json\/wp\/v2\/pages\/135"}],"collection":[{"href":"https:\/\/jamaika.musikerohnegrenzen.de\/en\/wp-json\/wp\/v2\/pages"}],"about":[{"href":"https:\/\/jamaika.musikerohnegrenzen.de\/en\/wp-json\/wp\/v2\/types\/page"}],"author":[{"embeddable":true,"href":"https:\/\/jamaika.musikerohnegrenzen.de\/en\/wp-json\/wp\/v2\/users\/3"}],"replies":[{"embeddable":true,"href":"https:\/\/jamaika.musikerohnegrenzen.de\/en\/wp-json\/wp\/v2\/comments?post=135"}],"version-history":[{"count":0,"href":"https:\/\/jamaika.musikerohnegrenzen.de\/en\/wp-json\/wp\/v2\/pages\/135\/revisions"}],"up":[{"embeddable":true,"href":"https:\/\/jamaika.musikerohnegrenzen.de\/en\/wp-json\/wp\/v2\/pages\/116"}],"wp:attachment":[{"href":"https:\/\/jamaika.musikerohnegrenzen.de\/en\/wp-json\/wp\/v2\/media?parent=135"}],"curies":[{"name":"wp","href":"https:\/\/api.w.org\/{rel}","templated":true}]}}