{"id":371,"date":"2015-06-28T16:15:01","date_gmt":"2015-06-28T14:15:01","guid":{"rendered":"http:\/\/trenchtown.musikerohnegrenzen.de\/?page_id=371"},"modified":"2017-07-02T11:32:12","modified_gmt":"2017-07-02T09:32:12","slug":"team-2014","status":"publish","type":"page","link":"https:\/\/jamaika.musikerohnegrenzen.de\/en\/ueber-uns\/team\/team-2014\/","title":{"rendered":"Team 2014"},"content":{"rendered":"<div id='Team_2014' class='widgets_on_page wop_tiny1  wop_small1  wop_medium1  wop_large1  wop_wide1'>\n\t\t\t<ul><li id=\"dorayaki_team-27\" class=\"widget widget_dorayaki_team\">\n\t\t\t<div class=\"team-box\">\n\t\t\t\t<div class=\"tm-info\">\n\t\t\t\t\t<img decoding=\"async\" src=\"https:\/\/i0.wp.com\/jamaika.musikerohnegrenzen.de\/wp-content\/uploads\/2017\/05\/katharina-benzig.jpg?w=960&#038;ssl=1\" alt=\"Katharina Benzing\" class=\"tm-img\" data-recalc-dims=\"1\">\n\t\t\t\t\t<div class=\"tm-author\">\n\t\t\t\t\t\t<h4>Katharina Benzing<\/h4>\n\t\t\t\t\t\t<span class=\"tm-pos\">Querfl\u00f6te, Klavier, Gitarre<\/span>\n\t\t\t\t\t\t\t<p class=\"tm-text\">Katharina konnte viel aus der Zeit auf Jamaika mitnehmen. Die Kultur, die Menschen, die Natur und vor allem nat\u00fcrlich das Musizieren mit den Kindern und Jugendlichen aus Trenchtown - alles tolle Erfahrungen, die sie nicht so schnell vergessen wird!<\/p>\n\t\t\t\t\t\t\t<a href=\"https:\/\/netzwerk.musikerohnegrenzen.de\/members\/katha135\/\" class=\"tm-link\">Netzwerk<\/a>\t\t\t\t\t\t\t\t\t\t\t\t<\/div>\n\t\t\t\t<\/div><!-- end .tm-info -->\n\t\t\t\t<div class=\"tm-quote\">\n\t\t\t\t\t<p>Musik ist und war schon immer eines der emotional wirksamsten Kommunikationsmittel. Jeder sollte es selbst aktiv nutzen k\u00f6nnen, vor allem in einem Land, in dem die Musik ein so bedeutender Teil der Kultur ist!<\/p>\n\t\t\t\t<\/div><!-- end .tm-quote -->\n\t\t\t<\/div><!-- end .team-box -->\n\n\t\t <\/li><li id=\"dorayaki_team-26\" class=\"widget widget_dorayaki_team\">\n\t\t\t<div class=\"team-box\">\n\t\t\t\t<div class=\"tm-info\">\n\t\t\t\t\t<img decoding=\"async\" src=\"https:\/\/i0.wp.com\/jamaika.musikerohnegrenzen.de\/wp-content\/uploads\/2017\/05\/Martin-K\u00f6hrer.jpg?w=960&#038;ssl=1\" alt=\"Martin K\u00f6hrer\" class=\"tm-img\" data-recalc-dims=\"1\">\n\t\t\t\t\t<div class=\"tm-author\">\n\t\t\t\t\t\t<h4>Martin K\u00f6hrer<\/h4>\n\t\t\t\t\t\t<span class=\"tm-pos\">Tenorsax, Klavier, Anf\u00e4nger Querfl\u00f6te<\/span>\n\t\t\t\t\t\t\t<p class=\"tm-text\">Das Hauptinstrument von Martin ist das Tenorsaxophon, und er liebt Jazz! F\u00fcr Musiker ohne Grenzen reist er nach Trenchtown, \r\nJamaika. Dort gibt er Instrumentalunterricht und vielleicht auch Musikunterricht in einer \r\nSchulklasse. Es war schon immer Martins Plan, sich nach dem Abitur in einem sozialen Projekt im Ausland zu engagieren.<\/p>\n\t\t\t\t\t\t\t<a href=\"http:\/\/netzwerk.musikerohnegrenzen.de\/members\/martin\/\" class=\"tm-link\">Netzwerk<\/a>\t\t\t\t\t\t\t\t\t\t\t\t<\/div>\n\t\t\t\t<\/div><!-- end .tm-info -->\n\t\t\t\t<div class=\"tm-quote\">\n\t\t\t\t\t<p>Bei MoG kann ich mein gr\u00f6\u00dftes Hobby, die Musik, mit meiner sozialen Arbeit verkn\u00fcpfen. An Jamaika fasziniert mich die Kultur und Lebensphilosophie.<\/p>\n\t\t\t\t<\/div><!-- end .tm-quote -->\n\t\t\t<\/div><!-- end .team-box -->\n\n\t\t <\/li><li id=\"dorayaki_team-25\" class=\"widget widget_dorayaki_team\">\n\t\t\t<div class=\"team-box\">\n\t\t\t\t<div class=\"tm-info\">\n\t\t\t\t\t<img decoding=\"async\" src=\"https:\/\/i0.wp.com\/jamaika.musikerohnegrenzen.de\/wp-content\/uploads\/2017\/05\/Marie-Kirschke.jpg?w=960&#038;ssl=1\" alt=\"Marie Kirschke\" class=\"tm-img\" data-recalc-dims=\"1\">\n\t\t\t\t\t<div class=\"tm-author\">\n\t\t\t\t\t\t<h4>Marie Kirschke<\/h4>\n\t\t\t\t\t\t<span class=\"tm-pos\">Klarinette, Fl\u00f6te<\/span>\n\t\t\t\t\t\t\t<p class=\"tm-text\">Marie ist 18, sie spielt seit 11 Jahren Klarinette und seit 6 Jahren Bassklarinette.\r\nMarie freut sich auf Jamaika: Das das Land, die Stadt, die Herausforderungen und nat\u00fcrlich auch auf die Menschen.<\/p>\n\t\t\t\t\t\t\t<a href=\"http:\/\/netzwerk.musikerohnegrenzen.de\/members\/marry\/\" class=\"tm-link\">Netzwerk<\/a>\t\t\t\t\t\t\t\t\t\t\t\t<\/div>\n\t\t\t\t<\/div><!-- end .tm-info -->\n\t\t\t\t<div class=\"tm-quote\">\n\t\t\t\t\t<p>Ich bin grenzenlose Musikerin, weil ich das Konzept toll finde, dass jedes Kind eine Chance auf Musik bekommt. Ich denke auch, dass ich noch einiges von anderen lernen kann.<\/p>\n\t\t\t\t<\/div><!-- end .tm-quote -->\n\t\t\t<\/div><!-- end .team-box -->\n\n\t\t <\/li><li id=\"dorayaki_team-24\" class=\"widget widget_dorayaki_team\">\n\t\t\t<div class=\"team-box\">\n\t\t\t\t<div class=\"tm-info\">\n\t\t\t\t\t<img decoding=\"async\" src=\"https:\/\/i0.wp.com\/jamaika.musikerohnegrenzen.de\/wp-content\/uploads\/2017\/05\/Annika-Paulus.jpg?w=960&#038;ssl=1\" alt=\"Annika Paulus\" class=\"tm-img\" data-recalc-dims=\"1\">\n\t\t\t\t\t<div class=\"tm-author\">\n\t\t\t\t\t\t<h4>Annika Paulus<\/h4>\n\t\t\t\t\t\t<span class=\"tm-pos\">Oboe, Klavier und Schlagwerk<\/span>\n\t\t\t\t\t\t\t<p class=\"tm-text\">Annika unterst\u00fctzte das Team in Trenchtown im Sommer f\u00fcr 5 Wochen und setzte damit die Arbeit ihrer Schwester fort, die schon im letzten Jahr sehr von Musiker ohne Grenzen geschw\u00e4rmt hat.<\/p>\n\t\t\t\t\t\t\t<a href=\"http:\/\/netzwerk.musikerohnegrenzen.de\/members\/annikap\/\" class=\"tm-link\">Netzwerk<\/a>\t\t\t\t\t\t\t\t\t\t\t\t<\/div>\n\t\t\t\t<\/div><!-- end .tm-info -->\n\t\t\t\t<div class=\"tm-quote\">\n\t\t\t\t\t<p>Seit meiner Kindheit mache ich Musik und freue mich, Menschen, die nicht die M\u00f6glichkeit haben, teuren Musikunterricht zu bezahlen, Musik (auch \u00fcber die Grenzen Europas hinaus) zu vermitteln.<\/p>\n\t\t\t\t<\/div><!-- end .tm-quote -->\n\t\t\t<\/div><!-- end .team-box -->\n\n\t\t <\/li><li id=\"dorayaki_team-23\" class=\"widget widget_dorayaki_team\">\n\t\t\t<div class=\"team-box\">\n\t\t\t\t<div class=\"tm-info\">\n\t\t\t\t\t<img decoding=\"async\" src=\"https:\/\/i0.wp.com\/jamaika.musikerohnegrenzen.de\/wp-content\/uploads\/2017\/05\/Steffi-Seitz.jpg?w=960&#038;ssl=1\" alt=\"Steffi Seitz\" class=\"tm-img\" data-recalc-dims=\"1\">\n\t\t\t\t\t<div class=\"tm-author\">\n\t\t\t\t\t\t<h4>Steffi Seitz<\/h4>\n\t\t\t\t\t\t<span class=\"tm-pos\">Klavier, Gitarre, Querfl\u00f6te, Gesang<\/span>\n\t\t\t\t\t\t\t<p class=\"tm-text\">Steffi m\u00f6chte nicht erst sp\u00e4ter als Musik- und Mathelehrerin, sondern auch jetzt schon w\u00e4hrend dem Studium  weitergeben, was sie w\u00e4hrend der musikalischen Ausbildung gelernt hat.<\/p>\n\t\t\t\t\t\t\t<a href=\"http:\/\/netzwerk.musikerohnegrenzen.de\/members\/steffi\/\" class=\"tm-link\">Netzwerk<\/a>\t\t\t\t\t\t\t\t\t\t\t\t<\/div>\n\t\t\t\t<\/div><!-- end .tm-info -->\n\t\t\t\t<div class=\"tm-quote\">\n\t\t\t\t\t<p>\"Die Musik spricht f\u00fcr sich allein. Vorausgesetzt, wir geben ihr eine Chance.\" Yehudi Menuhin (1916-99).\r\nNicht nur Musik soll in Trenchtown eine Chance haben, f\u00fcr sich zu sprechen, sondern auch die Kinder, in der Musik eine Sprache zu finden.<\/p>\n\t\t\t\t<\/div><!-- end .tm-quote -->\n\t\t\t<\/div><!-- end .team-box -->\n\n\t\t <\/li><li id=\"dorayaki_team-22\" class=\"widget widget_dorayaki_team\">\n\t\t\t<div class=\"team-box\">\n\t\t\t\t<div class=\"tm-info\">\n\t\t\t\t\t<img decoding=\"async\" src=\"https:\/\/i0.wp.com\/jamaika.musikerohnegrenzen.de\/wp-content\/uploads\/2017\/05\/Marie-Wellnitz.jpg?w=960&#038;ssl=1\" alt=\"Marie Wellnitz\" class=\"tm-img\" data-recalc-dims=\"1\">\n\t\t\t\t\t<div class=\"tm-author\">\n\t\t\t\t\t\t<h4>Marie Wellnitz<\/h4>\n\t\t\t\t\t\t<span class=\"tm-pos\">Gesang, Blockfl\u00f6te<\/span>\n\t\t\t\t\t\t\t<p class=\"tm-text\">Mit sechs Jahren hat Marie angefangen, Blockfl\u00f6te zu spielen. In den letzten vier Jahren kam dann Gesangsunterricht dazu. Sie ist  dankbar f\u00fcr zw\u00f6lf Jahre Musikunterricht und m\u00f6chte dieses Angebot auch den Kindern hier in Trenchtown, Jamaica, erm\u00f6glichen.<\/p>\n\t\t\t\t\t\t\t<a href=\"http:\/\/netzwerk.musikerohnegrenzen.de\/members\/marie\/\" class=\"tm-link\">Netzwerk<\/a>\t\t\t\t\t\t\t\t\t\t\t\t<\/div>\n\t\t\t\t<\/div><!-- end .tm-info -->\n\t\t\t\t<div class=\"tm-quote\">\n\t\t\t\t\t<p>Musik ist die Melodie, zu der die Welt der Text ist. (Arthur Schopenhauer)<\/p>\n\t\t\t\t<\/div><!-- end .tm-quote -->\n\t\t\t<\/div><!-- end .team-box -->\n\n\t\t <\/li><\/ul><\/div><!-- widgets_on_page -->\n","protected":false},"excerpt":{"rendered":"","protected":false},"author":3,"featured_media":0,"parent":664,"menu_order":4,"comment_status":"closed","ping_status":"closed","template":"page-templates\/full-width.php","meta":{"footnotes":""},"translation":{"provider":"WPGlobus","version":"2.12.2","language":"en","enabled_languages":["de","en"],"languages":{"de":{"title":true,"content":true,"excerpt":false},"en":{"title":false,"content":false,"excerpt":false}}},"jetpack_sharing_enabled":true,"jetpack_shortlink":"https:\/\/wp.me\/P8Zlqp-5Z","_links":{"self":[{"href":"https:\/\/jamaika.musikerohnegrenzen.de\/en\/wp-json\/wp\/v2\/pages\/371"}],"collection":[{"href":"https:\/\/jamaika.musikerohnegrenzen.de\/en\/wp-json\/wp\/v2\/pages"}],"about":[{"href":"https:\/\/jamaika.musikerohnegrenzen.de\/en\/wp-json\/wp\/v2\/types\/page"}],"author":[{"embeddable":true,"href":"https:\/\/jamaika.musikerohnegrenzen.de\/en\/wp-json\/wp\/v2\/users\/3"}],"replies":[{"embeddable":true,"href":"https:\/\/jamaika.musikerohnegrenzen.de\/en\/wp-json\/wp\/v2\/comments?post=371"}],"version-history":[{"count":1,"href":"https:\/\/jamaika.musikerohnegrenzen.de\/en\/wp-json\/wp\/v2\/pages\/371\/revisions"}],"predecessor-version":[{"id":668,"href":"https:\/\/jamaika.musikerohnegrenzen.de\/en\/wp-json\/wp\/v2\/pages\/371\/revisions\/668"}],"up":[{"embeddable":true,"href":"https:\/\/jamaika.musikerohnegrenzen.de\/en\/wp-json\/wp\/v2\/pages\/664"}],"wp:attachment":[{"href":"https:\/\/jamaika.musikerohnegrenzen.de\/en\/wp-json\/wp\/v2\/media?parent=371"}],"curies":[{"name":"wp","href":"https:\/\/api.w.org\/{rel}","templated":true}]}}