{"id":39,"date":"2015-02-15T17:22:40","date_gmt":"2015-02-15T15:22:40","guid":{"rendered":"http:\/\/trenchtown.musikerohnegrenzen.de\/?page_id=39"},"modified":"2022-06-28T20:02:56","modified_gmt":"2022-06-28T18:02:56","slug":"start","status":"publish","type":"page","link":"https:\/\/jamaika.musikerohnegrenzen.de\/en\/","title":{"rendered":"Start"},"content":{"rendered":"\n<div id='Infos,_Mitmachen,_MoG' class='widgets_on_page wop_tiny1  wop_small1  wop_medium1  wop_large1  wop_wide1'>\n\t\t\t<ul><li id=\"dorayaki_service-2\" class=\"widget widget_dorayaki_service\">\n\t\t\t<a class=\"service-box\" href=\"https:\/\/jamaika.musikerohnegrenzen.de\/projektinfos\/\">\n\t\t\t\t<img decoding=\"async\" src=\"https:\/\/i0.wp.com\/jamaika.musikerohnegrenzen.de\/wp-content\/uploads\/2017\/05\/leer.png?w=960&#038;ssl=1\" alt=\"Projektinfos\" class=\"service-img\" data-recalc-dims=\"1\">\n\t\t\t\t<span class=\"service-name\">Projektinfos<\/span>\n\t\t\t\t<span class=\"service-info\">Allgemeine Infos zu unserem Projekt in Trenchtown<\/span>\n\t\t\t<\/a><!-- end .service-box -->\n\n\t\t <\/li><li id=\"dorayaki_service-4\" class=\"widget widget_dorayaki_service\">\n\t\t\t<a class=\"service-box\" href=\"https:\/\/jamaika.musikerohnegrenzen.de\/spenden\/\">\n\t\t\t\t<img decoding=\"async\" src=\"https:\/\/i0.wp.com\/jamaika.musikerohnegrenzen.de\/wp-content\/uploads\/2017\/05\/leer.png?w=960&#038;ssl=1\" alt=\"Spenden\" class=\"service-img\" data-recalc-dims=\"1\">\n\t\t\t\t<span class=\"service-name\">Spenden<\/span>\n\t\t\t\t<span class=\"service-info\">Sie finden unsere Arbeit gut? Engagieren Sie sich jetzt!<\/span>\n\t\t\t<\/a><!-- end .service-box -->\n\n\t\t <\/li><li id=\"dorayaki_service-3\" class=\"widget widget_dorayaki_service\">\n\t\t\t<a class=\"service-box\" href=\"https:\/\/netzwerk.musikerohnegrenzen.de\/\">\n\t\t\t\t<img decoding=\"async\" src=\"https:\/\/i0.wp.com\/jamaika.musikerohnegrenzen.de\/wp-content\/uploads\/2017\/05\/leer.png?w=960&#038;ssl=1\" alt=\"MoG-Netzwerk\" class=\"service-img\" data-recalc-dims=\"1\">\n\t\t\t\t<span class=\"service-name\">MoG-Netzwerk<\/span>\n\t\t\t\t<span class=\"service-info\">Mitmachen, grenzenlose Musiker kennen lernen, austauschen, informieren, ...<\/span>\n\t\t\t<\/a><!-- end .service-box -->\n\n\t\t <\/li><\/ul><\/div><!-- widgets_on_page -->\n<h2 class=\"centered\"><span>Projekttagebuch<\/span><\/h2>\n<div id='Projekttagebuch' class='widgets_on_page wop_tiny1  wop_small1  wop_medium1  wop_large1  wop_wide1'>\n\t\t\t<ul><li id=\"dorayaki_recentposts-2\" class=\"widget widget_dorayaki_recentposts\">\n\t\t\t<ul class=\"dorayaki-rp\">\n\t\t\t\t\n\t\t\t\t\t<li class=\"rp-box\">\n\t\t\t\t\t\t<div class=\"rp-header\">\n\t\t\t\t\t\t\t<a href=\"https:\/\/jamaika.musikerohnegrenzen.de\/en\/2020\/10\/14\/oshane-brown-ueber-schuelerinnen\/\" class=\"rp-date\">14. October 2020<\/a>\n\t\t\t\t\t\t\t<h3 class=\"rp-title\"><a href=\"https:\/\/jamaika.musikerohnegrenzen.de\/en\/2020\/10\/14\/oshane-brown-ueber-schuelerinnen\/\">O&#8217;shane Brown talks about students<\/a><\/h3>\n\t\t\t\t\t\t<\/div><!-- end .rp-header -->\n\t\t\t\t\t\t<div class=\"rp-summary\">\n\t\t\t\t\t\t\t\t\t\t\t\t\t\t<p>We have already introduced our Jamaican project coordinator O&#8217;shane Brown and his tasks elsewhere. Now he tells us more about the students of the project. &#8220;We have about over 30&#8230; maybe 36 to 39 students so far in the Trenchtown project. Some of them even get &hellip; <\/p>\n<p><a href=\"https:\/\/jamaika.musikerohnegrenzen.de\/en\/2020\/10\/14\/oshane-brown-ueber-schuelerinnen\/\" class=\"more-link\"><span class=\"morelink-icon\">Read more<\/span><\/a><\/p>\n\t\t\t\t\t\t<\/div><!-- end .rp-summary -->\n\t\t\t\t\t\t<div class=\"rp-meta\">\n\t\t\t\t\t\t\t\t\t\t\t\t\t\t<div class=\"rp-comments\">\n\t\t\t\t\t\t\t<a href=\"https:\/\/jamaika.musikerohnegrenzen.de\/en\/2020\/10\/14\/oshane-brown-ueber-schuelerinnen\/#respond\"><span class=\"leave-reply\">0 comments<\/span><\/a>\t\t\t\t\t\t\t<\/div><!-- end .rp-comments -->\n\t\t\t\t\t\t\t\t\t\t\t\t\t\t\t\t\t\t\t\t<\/div><!-- end .rp-meta -->\n\t\t\t\t\t<\/li>\n\t\t\t\t\t\n\t\t\t\t\t<li class=\"rp-box\">\n\t\t\t\t\t\t<div class=\"rp-header\">\n\t\t\t\t\t\t\t<a href=\"https:\/\/jamaika.musikerohnegrenzen.de\/en\/2020\/03\/25\/beitrag-einer-musikerin-ohne-grenzen-aus-jamaika-trenchtown\/\" class=\"rp-date\">25. March 2020<\/a>\n\t\t\t\t\t\t\t<h3 class=\"rp-title\"><a href=\"https:\/\/jamaika.musikerohnegrenzen.de\/en\/2020\/03\/25\/beitrag-einer-musikerin-ohne-grenzen-aus-jamaika-trenchtown\/\">Peace, Love and Music<\/a><\/h3>\n\t\t\t\t\t\t<\/div><!-- end .rp-header -->\n\t\t\t\t\t\t<div class=\"rp-summary\">\n\t\t\t\t\t\t\t\t\t\t\t\t\t\t\t<a href=\"https:\/\/jamaika.musikerohnegrenzen.de\/en\/2020\/03\/25\/beitrag-einer-musikerin-ohne-grenzen-aus-jamaika-trenchtown\/\" class=\"rp-thumb\"><img loading=\"lazy\" decoding=\"async\" width=\"738\" height=\"414\" src=\"https:\/\/i0.wp.com\/jamaika.musikerohnegrenzen.de\/wp-content\/uploads\/2020\/03\/Bildschirmfoto-2020-03-24-um-00.04.32.png?resize=738%2C414&amp;ssl=1\" class=\"attachment-post-thumbnail size-post-thumbnail wp-post-image\" alt=\"\" data-attachment-id=\"1198\" data-permalink=\"https:\/\/jamaika.musikerohnegrenzen.de\/en\/2020\/03\/25\/beitrag-einer-musikerin-ohne-grenzen-aus-jamaika-trenchtown\/bildschirmfoto-2020-03-24-um-00-04-32\/\" data-orig-file=\"https:\/\/i0.wp.com\/jamaika.musikerohnegrenzen.de\/wp-content\/uploads\/2020\/03\/Bildschirmfoto-2020-03-24-um-00.04.32.png?fit=738%2C414&amp;ssl=1\" data-orig-size=\"738,414\" data-comments-opened=\"1\" data-image-meta=\"{&quot;aperture&quot;:&quot;0&quot;,&quot;credit&quot;:&quot;&quot;,&quot;camera&quot;:&quot;&quot;,&quot;caption&quot;:&quot;&quot;,&quot;created_timestamp&quot;:&quot;0&quot;,&quot;copyright&quot;:&quot;&quot;,&quot;focal_length&quot;:&quot;0&quot;,&quot;iso&quot;:&quot;0&quot;,&quot;shutter_speed&quot;:&quot;0&quot;,&quot;title&quot;:&quot;&quot;,&quot;orientation&quot;:&quot;0&quot;}\" data-image-title=\"Rebecca Fichtl\" data-image-description=\"\" data-image-caption=\"\" data-medium-file=\"https:\/\/i0.wp.com\/jamaika.musikerohnegrenzen.de\/wp-content\/uploads\/2020\/03\/Bildschirmfoto-2020-03-24-um-00.04.32.png?fit=738%2C414&amp;ssl=1\" data-large-file=\"https:\/\/i0.wp.com\/jamaika.musikerohnegrenzen.de\/wp-content\/uploads\/2020\/03\/Bildschirmfoto-2020-03-24-um-00.04.32.png?fit=738%2C414&amp;ssl=1\" \/><\/a>\n\t\t\t\t\t\t\t\t\t\t\t\t\t\t<p>Ein Tag voller Musikunterricht ver\u00f6ffentlicht von Rebecca Fichtl, Dezember 2019 Der Tag begann direkt mit der Basic School. Diesmal haben wir wieder zwei Klassen gleichzeitig unterrichtet und waren somit eine sehr gro\u00dfe Gruppe.Wir \u00fcben f\u00fcr ein anstehendes Weihnachtskonzert, deswegen unterrichten wir momentan beide Klassen gleichzeitig. Somit &hellip; <\/p>\n<p><a href=\"https:\/\/jamaika.musikerohnegrenzen.de\/en\/2020\/03\/25\/beitrag-einer-musikerin-ohne-grenzen-aus-jamaika-trenchtown\/\" class=\"more-link\"><span class=\"morelink-icon\">Read more<\/span><\/a><\/p>\n\t\t\t\t\t\t<\/div><!-- end .rp-summary -->\n\t\t\t\t\t\t<div class=\"rp-meta\">\n\t\t\t\t\t\t\t\t\t\t\t\t\t\t<div class=\"rp-comments\">\n\t\t\t\t\t\t\t<a href=\"https:\/\/jamaika.musikerohnegrenzen.de\/en\/2020\/03\/25\/beitrag-einer-musikerin-ohne-grenzen-aus-jamaika-trenchtown\/#comments\">1 comment<\/a>\t\t\t\t\t\t\t<\/div><!-- end .rp-comments -->\n\t\t\t\t\t\t\t\t\t\t\t\t\t\t\t\t\t\t\t\t<\/div><!-- end .rp-meta -->\n\t\t\t\t\t<\/li>\n\t\t\t\t\t\t\t\t\t\t\t\t\t<\/ul><!-- end .dorayaki-rp -->\n\t\t <\/li><\/ul><\/div><!-- widgets_on_page -->\n","protected":false},"excerpt":{"rendered":"","protected":false},"author":2,"featured_media":0,"parent":0,"menu_order":0,"comment_status":"closed","ping_status":"closed","template":"page-templates\/full-width.php","meta":{"footnotes":""},"translation":{"provider":"WPGlobus","version":"2.12.2","language":"en","enabled_languages":["de","en"],"languages":{"de":{"title":true,"content":true,"excerpt":false},"en":{"title":true,"content":true,"excerpt":false}}},"jetpack_sharing_enabled":true,"jetpack_shortlink":"https:\/\/wp.me\/P8Zlqp-D","_links":{"self":[{"href":"https:\/\/jamaika.musikerohnegrenzen.de\/en\/wp-json\/wp\/v2\/pages\/39"}],"collection":[{"href":"https:\/\/jamaika.musikerohnegrenzen.de\/en\/wp-json\/wp\/v2\/pages"}],"about":[{"href":"https:\/\/jamaika.musikerohnegrenzen.de\/en\/wp-json\/wp\/v2\/types\/page"}],"author":[{"embeddable":true,"href":"https:\/\/jamaika.musikerohnegrenzen.de\/en\/wp-json\/wp\/v2\/users\/2"}],"replies":[{"embeddable":true,"href":"https:\/\/jamaika.musikerohnegrenzen.de\/en\/wp-json\/wp\/v2\/comments?post=39"}],"version-history":[{"count":2,"href":"https:\/\/jamaika.musikerohnegrenzen.de\/en\/wp-json\/wp\/v2\/pages\/39\/revisions"}],"predecessor-version":[{"id":1495,"href":"https:\/\/jamaika.musikerohnegrenzen.de\/en\/wp-json\/wp\/v2\/pages\/39\/revisions\/1495"}],"wp:attachment":[{"href":"https:\/\/jamaika.musikerohnegrenzen.de\/en\/wp-json\/wp\/v2\/media?parent=39"}],"curies":[{"name":"wp","href":"https:\/\/api.w.org\/{rel}","templated":true}]}}