{"id":421,"date":"2016-01-23T14:39:41","date_gmt":"2016-01-23T12:39:41","guid":{"rendered":"http:\/\/trenchtown.musikerohnegrenzen.de\/?page_id=421"},"modified":"2017-07-02T11:32:15","modified_gmt":"2017-07-02T09:32:15","slug":"team-2015","status":"publish","type":"page","link":"https:\/\/jamaika.musikerohnegrenzen.de\/en\/ueber-uns\/team\/team-2015\/","title":{"rendered":"Team 2015"},"content":{"rendered":"<div id='Team_2015' class='widgets_on_page wop_tiny1  wop_small1  wop_medium1  wop_large1  wop_wide1'>\n\t\t\t<ul><li id=\"dorayaki_team-21\" class=\"widget widget_dorayaki_team\">\n\t\t\t<div class=\"team-box\">\n\t\t\t\t<div class=\"tm-info\">\n\t\t\t\t\t<img decoding=\"async\" src=\"https:\/\/i0.wp.com\/jamaika.musikerohnegrenzen.de\/wp-content\/uploads\/2017\/05\/maximilian-diller.jpg?w=960&#038;ssl=1\" alt=\"Maximilian Diller\" class=\"tm-img\" data-recalc-dims=\"1\">\n\t\t\t\t\t<div class=\"tm-author\">\n\t\t\t\t\t\t<h4>Maximilian Diller<\/h4>\n\t\t\t\t\t\t<span class=\"tm-pos\">Trompete, Musikunterricht<\/span>\n\t\t\t\t\t\t\t<p class=\"tm-text\">Max ist 6 Monate lang f\u00fcr MoG in Jamaica und freut sich sehr, den Kindern und Jugendlichen aus Trenchtown, die Begeisterung f\u00fcr Musik weiterzugeben. Au\u00dferdem genie\u00dft er die M\u00f6glichkeit, mit MoG eine fremde Kultur und ein Land kennenzulernen und somit den eigenen Horizont zu erweitern.<\/p>\n\t\t\t\t\t\t\t<a href=\"https:\/\/netzwerk.musikerohnegrenzen.de\/members\/maxdiller\/\" class=\"tm-link\">Netzwerk<\/a>\t\t\t\t\t\t\t\t\t\t\t\t<\/div>\n\t\t\t\t<\/div><!-- end .tm-info -->\n\t\t\t\t<div class=\"tm-quote\">\n\t\t\t\t\t<p>Zu sehen, wie viel Spa\u00df Kinder an Musik haben k\u00f6nnen, ist eine spannende und total bereichernde Erfahrung.<\/p>\n\t\t\t\t<\/div><!-- end .tm-quote -->\n\t\t\t<\/div><!-- end .team-box -->\n\n\t\t <\/li><li id=\"dorayaki_team-20\" class=\"widget widget_dorayaki_team\">\n\t\t\t<div class=\"team-box\">\n\t\t\t\t<div class=\"tm-info\">\n\t\t\t\t\t<img decoding=\"async\" src=\"https:\/\/i0.wp.com\/jamaika.musikerohnegrenzen.de\/wp-content\/uploads\/2017\/05\/francois-heun.jpg?w=960&#038;ssl=1\" alt=\"Francois Heun\" class=\"tm-img\" data-recalc-dims=\"1\">\n\t\t\t\t\t<div class=\"tm-author\">\n\t\t\t\t\t\t<h4>Francois Heun<\/h4>\n\t\t\t\t\t\t<span class=\"tm-pos\">Saxophon<\/span>\n\t\t\t\t\t\t\t<p class=\"tm-text\">Francois freut sich jetzt nach seinem Abitur tierisch auf seinen Auslandsaufenthalt in Kingston. Er hat nicht nur die Chance Kindern die Freude und den Spa\u00df an der Musik n\u00e4her zu bringen, sondern kann auch selber auf Erkundungstour durch den Reggae gehen. Yaa man!<\/p>\n\t\t\t\t\t\t\t<a href=\"https:\/\/netzwerk.musikerohnegrenzen.de\/members\/francois97\/\" class=\"tm-link\">Netzwerk<\/a>\t\t\t\t\t\t\t\t\t\t\t\t<\/div>\n\t\t\t\t<\/div><!-- end .tm-info -->\n\t\t\t\t<div class=\"tm-quote\">\n\t\t\t\t\t<p>Francois ist grenzenloser Musiker, da er daran glaubt, dass er anderen Menschen mit Musik helfen und ihr Leben damit bereichern kann. Musik ist eine internationale Sprache und ben\u00f6tigt keine \u00dcbersetzung.<\/p>\n\t\t\t\t<\/div><!-- end .tm-quote -->\n\t\t\t<\/div><!-- end .team-box -->\n\n\t\t <\/li><li id=\"dorayaki_team-19\" class=\"widget widget_dorayaki_team\">\n\t\t\t<div class=\"team-box\">\n\t\t\t\t<div class=\"tm-info\">\n\t\t\t\t\t<img decoding=\"async\" src=\"https:\/\/i0.wp.com\/jamaika.musikerohnegrenzen.de\/wp-content\/uploads\/2017\/05\/melissa_muther.jpg?w=960&#038;ssl=1\" alt=\"Melissa Muther\" class=\"tm-img\" data-recalc-dims=\"1\">\n\t\t\t\t\t<div class=\"tm-author\">\n\t\t\t\t\t\t<h4>Melissa Muther<\/h4>\n\t\t\t\t\t\t<span class=\"tm-pos\">Gitarre, Gesang, Blockfl\u00f6te<\/span>\n\t\t\t\t\t\t\t<p class=\"tm-text\">Melissa g\u00f6nnt sich zwischen ihrem \"Bachelor of Music\" und ihrem \"Master Musiktheraphie\" eine kleine Auszeit und geht f\u00fcr vier Monate nach Jamaica. Durch die Sprache der Musik erhofft sie sich benachteiligten Menschen neue Perspektiven zu schaffen und Alternativen zu ihrem Alltag zu erm\u00f6glichen!\r\n<\/p>\n\t\t\t\t\t\t\t<a href=\"https:\/\/netzwerk.musikerohnegrenzen.de\/members\/melissam\/\" class=\"tm-link\">Netzwerk<\/a>\t\t\t\t\t\t\t\t\t\t\t\t<\/div>\n\t\t\t\t<\/div><!-- end .tm-info -->\n\t\t\t\t<div class=\"tm-quote\">\n\t\t\t\t\t<p>Musik entf\u00fchrt uns aus dem Alltag und nimmt uns mit auf Reisen. Es gibt nichts Sch\u00f6neres als durch die Musik emotional ber\u00fchrt zu werden!<\/p>\n\t\t\t\t<\/div><!-- end .tm-quote -->\n\t\t\t<\/div><!-- end .team-box -->\n\n\t\t <\/li><li id=\"dorayaki_team-18\" class=\"widget widget_dorayaki_team\">\n\t\t\t<div class=\"team-box\">\n\t\t\t\t<div class=\"tm-info\">\n\t\t\t\t\t<img decoding=\"async\" src=\"https:\/\/i0.wp.com\/jamaika.musikerohnegrenzen.de\/wp-content\/uploads\/2017\/05\/sarah-winkler-e1439018747240.jpg?w=960&#038;ssl=1\" alt=\"Sarah Winkler\" class=\"tm-img\" data-recalc-dims=\"1\">\n\t\t\t\t\t<div class=\"tm-author\">\n\t\t\t\t\t\t<h4>Sarah Winkler<\/h4>\n\t\t\t\t\t\t<span class=\"tm-pos\">Gitarre und Klavier<\/span>\n\t\t\t\t\t\t\t<p class=\"tm-text\">Jamaika, so lautet Sarahs Ziel. Ein karibisches Juwel im t\u00fcrkisblauem Meer, Naturwunder und Urlaubsparadies. Doch sie schaut hinter die Kulissen. In dem sozialen Brennpunkt Trenchtown m\u00f6chte sie mithilfe von Musikunterricht den dort lebenden Kindern ein St\u00fcck Freude und Perspektive schenken.<\/p>\n\t\t\t\t\t\t\t<a href=\"https:\/\/netzwerk.musikerohnegrenzen.de\/members\/sarah-winkler\/\" class=\"tm-link\">Netzwerk<\/a>\t\t\t\t\t\t\t\t\t\t\t\t<\/div>\n\t\t\t\t<\/div><!-- end .tm-info -->\n\t\t\t\t<div class=\"tm-quote\">\n\t\t\t\t\t<p>Musik l\u00e4sst dich sprechen. L\u00e4sst dich erz\u00e4hlen, was du nicht in Worte fassen kannst. Und l\u00e4sst dich dieses Gef\u00fchl mit jedem teilen, der dir zuh\u00f6rt.<\/p>\n\t\t\t\t<\/div><!-- end .tm-quote -->\n\t\t\t<\/div><!-- end .team-box -->\n\n\t\t <\/li><li id=\"dorayaki_team-17\" class=\"widget widget_dorayaki_team\">\n\t\t\t<div class=\"team-box\">\n\t\t\t\t<div class=\"tm-info\">\n\t\t\t\t\t<img decoding=\"async\" src=\"https:\/\/i0.wp.com\/jamaika.musikerohnegrenzen.de\/wp-content\/uploads\/2017\/05\/Justus-Anton-Hussing-1.jpg?w=960&#038;ssl=1\" alt=\"Anton Hussing\" class=\"tm-img\" data-recalc-dims=\"1\">\n\t\t\t\t\t<div class=\"tm-author\">\n\t\t\t\t\t\t<h4>Anton Hussing<\/h4>\n\t\t\t\t\t\t<span class=\"tm-pos\">Jazz-Klavier, Musikunterricht<\/span>\n\t\t\t\t\t\t\t<p class=\"tm-text\">Anton liebt die Musik und spielt seit vielen Jahren Jazzpiano. Nach dem Abitur m\u00f6chte er etwas von der Welt sehen und sich gleichzeitig sozial engagieren. Das MoG-Projekt in Kingston bietet die M\u00f6glichkeit, beides zu verbinden und seine Leidenschaft zur Musik mit Kindern und Jugendlichen zu teilen.<\/p>\n\t\t\t\t\t\t\t<a href=\"https:\/\/netzwerk.musikerohnegrenzen.de\/members\/fry\/\" class=\"tm-link\">Netzwerk<\/a>\t\t\t\t\t\t\t\t\t\t\t\t<\/div>\n\t\t\t\t<\/div><!-- end .tm-info -->\n\t\t\t\t<div class=\"tm-quote\">\n\t\t\t\t\t<p>Die Musik spricht f\u00fcr sich allein. Vorausgesetzt, wir geben ihr eine Chance.\r\n<\/p>\n\t\t\t\t<\/div><!-- end .tm-quote -->\n\t\t\t<\/div><!-- end .team-box -->\n\n\t\t <\/li><\/ul><\/div><!-- widgets_on_page -->\n","protected":false},"excerpt":{"rendered":"","protected":false},"author":1,"featured_media":0,"parent":664,"menu_order":2,"comment_status":"closed","ping_status":"closed","template":"page-templates\/full-width.php","meta":{"footnotes":""},"translation":{"provider":"WPGlobus","version":"2.12.2","language":"en","enabled_languages":["de","en"],"languages":{"de":{"title":true,"content":true,"excerpt":false},"en":{"title":false,"content":false,"excerpt":false}}},"jetpack_sharing_enabled":true,"jetpack_shortlink":"https:\/\/wp.me\/P8Zlqp-6N","_links":{"self":[{"href":"https:\/\/jamaika.musikerohnegrenzen.de\/en\/wp-json\/wp\/v2\/pages\/421"}],"collection":[{"href":"https:\/\/jamaika.musikerohnegrenzen.de\/en\/wp-json\/wp\/v2\/pages"}],"about":[{"href":"https:\/\/jamaika.musikerohnegrenzen.de\/en\/wp-json\/wp\/v2\/types\/page"}],"author":[{"embeddable":true,"href":"https:\/\/jamaika.musikerohnegrenzen.de\/en\/wp-json\/wp\/v2\/users\/1"}],"replies":[{"embeddable":true,"href":"https:\/\/jamaika.musikerohnegrenzen.de\/en\/wp-json\/wp\/v2\/comments?post=421"}],"version-history":[{"count":1,"href":"https:\/\/jamaika.musikerohnegrenzen.de\/en\/wp-json\/wp\/v2\/pages\/421\/revisions"}],"predecessor-version":[{"id":669,"href":"https:\/\/jamaika.musikerohnegrenzen.de\/en\/wp-json\/wp\/v2\/pages\/421\/revisions\/669"}],"up":[{"embeddable":true,"href":"https:\/\/jamaika.musikerohnegrenzen.de\/en\/wp-json\/wp\/v2\/pages\/664"}],"wp:attachment":[{"href":"https:\/\/jamaika.musikerohnegrenzen.de\/en\/wp-json\/wp\/v2\/media?parent=421"}],"curies":[{"name":"wp","href":"https:\/\/api.w.org\/{rel}","templated":true}]}}