{"id":50,"date":"2015-02-15T17:43:14","date_gmt":"2015-02-15T15:43:14","guid":{"rendered":"http:\/\/trenchtown.musikerohnegrenzen.de\/?page_id=50"},"modified":"2017-07-02T11:40:59","modified_gmt":"2017-07-02T09:40:59","slug":"team-2016","status":"publish","type":"page","link":"https:\/\/jamaika.musikerohnegrenzen.de\/en\/ueber-uns\/team\/team-2016\/","title":{"rendered":"Team 2016"},"content":{"rendered":"<div id='Team_2016' class='widgets_on_page wop_tiny1  wop_small1  wop_medium1  wop_large1  wop_wide1'>\n\t\t\t<ul><li id=\"dorayaki_team-14\" class=\"widget widget_dorayaki_team\">\n\t\t\t<div class=\"team-box\">\n\t\t\t\t<div class=\"tm-info\">\n\t\t\t\t\t<img decoding=\"async\" src=\"https:\/\/i0.wp.com\/jamaika.musikerohnegrenzen.de\/wp-content\/uploads\/2017\/05\/antonia-frei.jpg?w=960&#038;ssl=1\" alt=\"Antonia Frei\" class=\"tm-img\" data-recalc-dims=\"1\">\n\t\t\t\t\t<div class=\"tm-author\">\n\t\t\t\t\t\t<h4>Antonia Frei<\/h4>\n\t\t\t\t\t\t<span class=\"tm-pos\">Klarinette, Klavier, Musik- und Theorieunterricht<\/span>\n\t\t\t\t\t\t\t<p class=\"tm-text\">Antonia lebte zweimal als Musiklehrerin in Trenchtown in Jamaika. Die Kultur, die Menschen, die Musik und die Good Vibes haben sie so beeindruckt und inspiriert, dass sie nach dem ersten Aufenthalt gleich nochmal hingeflogen ist und auch danach noch f\u00fcr MoG aktiv bleibt.<\/p>\n\t\t\t\t\t\t\t<a href=\"https:\/\/netzwerk.musikerohnegrenzen.de\/members\/tonia\/\" class=\"tm-link\">Netzwerk<\/a>\t\t\t\t\t\t\t<a href=\"http:\/\/antoniainjamaika.musikerohnegrenzen.de\" class=\"tm-link\">Reisetagebuch<\/a>\t\t\t\t\t<\/div>\n\t\t\t\t<\/div><!-- end .tm-info -->\n\t\t\t\t<div class=\"tm-quote\">\n\t\t\t\t\t<p>Wo Musik verbindet, da entstehen die sch\u00f6nsten Augenblicke.<\/p>\n\t\t\t\t<\/div><!-- end .tm-quote -->\n\t\t\t<\/div><!-- end .team-box -->\n\n\t\t <\/li><li id=\"dorayaki_team-10\" class=\"widget widget_dorayaki_team\">\n\t\t\t<div class=\"team-box\">\n\t\t\t\t<div class=\"tm-info\">\n\t\t\t\t\t<img decoding=\"async\" src=\"https:\/\/i0.wp.com\/jamaika.musikerohnegrenzen.de\/wp-content\/uploads\/2017\/05\/janina-dutke.jpg?w=960&#038;ssl=1\" alt=\"Janina Dutke\" class=\"tm-img\" data-recalc-dims=\"1\">\n\t\t\t\t\t<div class=\"tm-author\">\n\t\t\t\t\t\t<h4>Janina Dutke<\/h4>\n\t\t\t\t\t\t<span class=\"tm-pos\">Saxophon, Gitarre und Bass<\/span>\n\t\t\t\t\t\t\t<p class=\"tm-text\">Janina hat gerade die Schule beendet und freut sich nun unglaublich auf ihre Zeit am anderen Ende der Welt. Sie m\u00f6chte diesen einzigartigen Aufenthalt nutzen, um ihre Freude an der Musik weiterzugeben \ud83d\ude42<\/p>\n\t\t\t\t\t\t\t<a href=\"https:\/\/netzwerk.musikerohnegrenzen.de\/members\/janinadutke\/\" class=\"tm-link\">Netzwerk<\/a>\t\t\t\t\t\t\t<a href=\"http:\/\/janni.musikerohnegrenzen.de\" class=\"tm-link\">Reisetagebuch<\/a>\t\t\t\t\t<\/div>\n\t\t\t\t<\/div><!-- end .tm-info -->\n\t\t\t\t<div class=\"tm-quote\">\n\t\t\t\t\t<p>\"One good thing about music, when it hits you - you feel no pain\" - Bob Marley<\/p>\n\t\t\t\t<\/div><!-- end .tm-quote -->\n\t\t\t<\/div><!-- end .team-box -->\n\n\t\t <\/li><li id=\"dorayaki_team-16\" class=\"widget widget_dorayaki_team\">\n\t\t\t<div class=\"team-box\">\n\t\t\t\t<div class=\"tm-info\">\n\t\t\t\t\t<img decoding=\"async\" src=\"https:\/\/i0.wp.com\/jamaika.musikerohnegrenzen.de\/wp-content\/uploads\/2017\/05\/Vera-Fiedler-1.jpg?w=960&#038;ssl=1\" alt=\"Vera Fiedler\" class=\"tm-img\" data-recalc-dims=\"1\">\n\t\t\t\t\t<div class=\"tm-author\">\n\t\t\t\t\t\t<h4>Vera Fiedler<\/h4>\n\t\t\t\t\t\t<span class=\"tm-pos\">Klavier, Gesang, Musikunterricht, (Projektteam)<\/span>\n\t\t\t\t\t\t\t<p class=\"tm-text\">Vera hatte nach dem Abi Lust auf ein bisschen Abenteuer, also auf nach Jamaika! In den drei viel zu kurzen Monaten, die sie dort verbrachte, hat sie Trenchtown und die Menschen dort ins Herz geschlossen. Das Sch\u00f6nste war f\u00fcr sie, ihren Spa\u00df an der Musik weiter zu geben.<\/p>\n\t\t\t\t\t\t\t<a href=\"https:\/\/netzwerk.musikerohnegrenzen.de\/members\/ecuvera\/\" class=\"tm-link\">Netzwerk<\/a>\t\t\t\t\t\t\t\t\t\t\t\t<\/div>\n\t\t\t\t<\/div><!-- end .tm-info -->\n\t\t\t\t<div class=\"tm-quote\">\n\t\t\t\t\t<p>One love, one heart. Let\u00b4s get together and feel alright!<\/p>\n\t\t\t\t<\/div><!-- end .tm-quote -->\n\t\t\t<\/div><!-- end .team-box -->\n\n\t\t <\/li><li id=\"dorayaki_team-9\" class=\"widget widget_dorayaki_team\">\n\t\t\t<div class=\"team-box\">\n\t\t\t\t<div class=\"tm-info\">\n\t\t\t\t\t<img decoding=\"async\" src=\"https:\/\/i0.wp.com\/jamaika.musikerohnegrenzen.de\/wp-content\/uploads\/2017\/05\/sven-hummel.jpg?w=960&#038;ssl=1\" alt=\"Sven Hummel\" class=\"tm-img\" data-recalc-dims=\"1\">\n\t\t\t\t\t<div class=\"tm-author\">\n\t\t\t\t\t\t<h4>Sven Hummel<\/h4>\n\t\t\t\t\t\t<span class=\"tm-pos\">Klavier, Bratsche<\/span>\n\t\t\t\t\t\t\t<p class=\"tm-text\">Sven hat dieses Jahr Abi gemacht und macht seit fast 12 Jahren sehr gerne Musik. Als er von der Idee h\u00f6rte, Musik mit sozialer Arbeit zu verbinden, war er sofort begeistert von \"Musiker ohne Grenzen\". Nun wird er im November nach Jamaika gehen und dort Klavierunterricht geben.<\/p>\n\t\t\t\t\t\t\t<a href=\"https:\/\/netzwerk.musikerohnegrenzen.de\/members\/svenhummel98\/\" class=\"tm-link\">Netzwerk<\/a>\t\t\t\t\t\t\t\t\t\t\t\t<\/div>\n\t\t\t\t<\/div><!-- end .tm-info -->\n\t\t\t\t<div class=\"tm-quote\">\n\t\t\t\t\t<p>Wenn man nicht nur Musik macht, sondern damit auch versucht Menschen zu helfen und in ein Gebiet des sozialen Brennpunkts zieht und sich auf eine komplett andere Kultur einl\u00e4sst, dann nenne ich dies einen \"grenzenlosen Musiker\".<\/p>\n\t\t\t\t<\/div><!-- end .tm-quote -->\n\t\t\t<\/div><!-- end .team-box -->\n\n\t\t <\/li><li id=\"dorayaki_team-8\" class=\"widget widget_dorayaki_team\">\n\t\t\t<div class=\"team-box\">\n\t\t\t\t<div class=\"tm-info\">\n\t\t\t\t\t<img decoding=\"async\" src=\"https:\/\/i0.wp.com\/jamaika.musikerohnegrenzen.de\/wp-content\/uploads\/2017\/05\/lukas-maertin.jpg?w=960&#038;ssl=1\" alt=\"Lukas M\u00e4rtin\" class=\"tm-img\" data-recalc-dims=\"1\">\n\t\t\t\t\t<div class=\"tm-author\">\n\t\t\t\t\t\t<h4>Lukas M\u00e4rtin<\/h4>\n\t\t\t\t\t\t<span class=\"tm-pos\">Gitarre, Bass, Musikunterricht<\/span>\n\t\t\t\t\t\t\t<p class=\"tm-text\">In einer vollkommen anderen Welt wie Trench Town, Jamaika, Menschen Perspektiven und Freude zu bereiten, ist das Beste, das sich Lukas momentan vorstellen kann.<\/p>\n\t\t\t\t\t\t\t<a href=\"https:\/\/netzwerk.musikerohnegrenzen.de\/members\/lukasmaertin\/\" class=\"tm-link\">Netzwerk<\/a>\t\t\t\t\t\t\t\t\t\t\t\t<\/div>\n\t\t\t\t<\/div><!-- end .tm-info -->\n\t\t\t\t<div class=\"tm-quote\">\n\t\t\t\t\t<p>Musik ist die n\u00f6tige Flucht vor dem Unertr\u00e4glichen der Welt.<\/p>\n\t\t\t\t<\/div><!-- end .tm-quote -->\n\t\t\t<\/div><!-- end .team-box -->\n\n\t\t <\/li><li id=\"dorayaki_team-12\" class=\"widget widget_dorayaki_team\">\n\t\t\t<div class=\"team-box\">\n\t\t\t\t<div class=\"tm-info\">\n\t\t\t\t\t<img decoding=\"async\" src=\"https:\/\/i0.wp.com\/jamaika.musikerohnegrenzen.de\/wp-content\/uploads\/2017\/05\/andrin-stettler.jpg?w=960&#038;ssl=1\" alt=\"Andrin Stettler\" class=\"tm-img\" data-recalc-dims=\"1\">\n\t\t\t\t\t<div class=\"tm-author\">\n\t\t\t\t\t\t<h4>Andrin Stettler<\/h4>\n\t\t\t\t\t\t<span class=\"tm-pos\">Gitarre<\/span>\n\t\t\t\t\t\t\t<p class=\"tm-text\">Andrin bringt seine grenzenlose Begeisterung f\u00fcr die Musik durch die Gitarre zum Ausdruck und m\u00f6chte sie m\u00f6glicht weit verbreiten. Einen ersten Versuch hat er 2016 in Jamaika gestartet und ist keineswegs m\u00fcde geworden.<\/p>\n\t\t\t\t\t\t\t<a href=\"https:\/\/netzwerk.musikerohnegrenzen.de\/members\/andrinstettler\/\" class=\"tm-link\">Netzwerk<\/a>\t\t\t\t\t\t\t\t\t\t\t\t<\/div>\n\t\t\t\t<\/div><!-- end .tm-info -->\n\t\t\t\t<div class=\"tm-quote\">\n\t\t\t\t\t<p>Musik ist ein wichtiges Gew\u00fcrz in der t\u00e4glichen Alltagssuppe!<\/p>\n\t\t\t\t<\/div><!-- end .tm-quote -->\n\t\t\t<\/div><!-- end .team-box -->\n\n\t\t <\/li><li id=\"dorayaki_team-13\" class=\"widget widget_dorayaki_team\">\n\t\t\t<div class=\"team-box\">\n\t\t\t\t<div class=\"tm-info\">\n\t\t\t\t\t<img decoding=\"async\" src=\"https:\/\/i0.wp.com\/jamaika.musikerohnegrenzen.de\/wp-content\/uploads\/2017\/05\/jakob-schlieper.jpg?w=960&#038;ssl=1\" alt=\"Jakob Schlieper\" class=\"tm-img\" data-recalc-dims=\"1\">\n\t\t\t\t\t<div class=\"tm-author\">\n\t\t\t\t\t\t<h4>Jakob Schlieper<\/h4>\n\t\t\t\t\t\t<span class=\"tm-pos\">Gitarre, Klavier<\/span>\n\t\t\t\t\t\t\t<p class=\"tm-text\">Jakob spielt seit einigen Jahren Gitarre. Da ihm das Musizieren viel Spa\u00df macht, will er nun, nach seinem Abitur, auch anderen Kindern erm\u00f6glichen, so viel Spa\u00df mit der Musik zu haben.<\/p>\n\t\t\t\t\t\t\t<a href=\"https:\/\/netzwerk.musikerohnegrenzen.de\/members\/jakobschlieper\/\" class=\"tm-link\">Netzwerk<\/a>\t\t\t\t\t\t\t\t\t\t\t\t<\/div>\n\t\t\t\t<\/div><!-- end .tm-info -->\n\t\t\t\t<div class=\"tm-quote\">\n\t\t\t\t\t<p>In this world of trouble my music pulls me through.<\/p>\n\t\t\t\t<\/div><!-- end .tm-quote -->\n\t\t\t<\/div><!-- end .team-box -->\n\n\t\t <\/li><li id=\"dorayaki_team-11\" class=\"widget widget_dorayaki_team\">\n\t\t\t<div class=\"team-box\">\n\t\t\t\t<div class=\"tm-info\">\n\t\t\t\t\t<img decoding=\"async\" src=\"https:\/\/i0.wp.com\/jamaika.musikerohnegrenzen.de\/wp-content\/uploads\/2017\/05\/jonas-honke.jpg?w=960&#038;ssl=1\" alt=\"Jonas Honke\" class=\"tm-img\" data-recalc-dims=\"1\">\n\t\t\t\t\t<div class=\"tm-author\">\n\t\t\t\t\t\t<h4>Jonas Honke<\/h4>\n\t\t\t\t\t\t<span class=\"tm-pos\">Gitarre, Klavier, Schlagzeug<\/span>\n\t\t\t\t\t\t\t<p class=\"tm-text\">Ab September ist Jonas aktiv vor Ort f\u00fcr das Projekt Jamaika, wo er haupts\u00e4chlich Gitarrenunterricht gibt. F\u00fcr ihn ist sein musikalischer Freiwilligendienst eine tolle M\u00f6glichkeit, seine Leidenschaft Musik anderen zu vermitteln und gleichzeitig eine v\u00f6llig neue und interessante Kultur kennen zu lernen.<\/p>\n\t\t\t\t\t\t\t<a href=\"https:\/\/netzwerk.musikerohnegrenzen.de\/members\/honkejonas\/\" class=\"tm-link\">Netzwerk<\/a>\t\t\t\t\t\t\t\t\t\t\t\t<\/div>\n\t\t\t\t<\/div><!-- end .tm-info -->\n\t\t\t\t<div class=\"tm-quote\">\n\t\t\t\t\t<p>Jeder hat das Recht auf Musik - egal wann, egal wo. Musik ist Hoffnung und Perspektive. Musik kennt keine Grenzen.<\/p>\n\t\t\t\t<\/div><!-- end .tm-quote -->\n\t\t\t<\/div><!-- end .team-box -->\n\n\t\t <\/li><li id=\"dorayaki_team-15\" class=\"widget widget_dorayaki_team\">\n\t\t\t<div class=\"team-box\">\n\t\t\t\t<div class=\"tm-info\">\n\t\t\t\t\t<img decoding=\"async\" src=\"https:\/\/i0.wp.com\/jamaika.musikerohnegrenzen.de\/wp-content\/uploads\/2017\/05\/david_mandel.jpg?w=960&#038;ssl=1\" alt=\"David Mandel\" class=\"tm-img\" data-recalc-dims=\"1\">\n\t\t\t\t\t<div class=\"tm-author\">\n\t\t\t\t\t\t<h4>David Mandel<\/h4>\n\t\t\t\t\t\t<span class=\"tm-pos\">Trompete, Klavier, Bandcoaching (Jazz)<\/span>\n\t\t\t\t\t\t\t<p class=\"tm-text\">Nachdem David im kommenden Fr\u00fchjahr hoffentlich sein Studium in Musik und Sport erfolgreich abgeschlossen hat, geht es endlich in die Karibik nach Jamaica! Vor allem auf die (musikalische) Arbeit mit den Kindern und Jugendlichen freut er sich sehr.\r\n<\/p>\n\t\t\t\t\t\t\t<a href=\"https:\/\/netzwerk.musikerohnegrenzen.de\/members\/davidmandel\/\" class=\"tm-link\">Netzwerk<\/a>\t\t\t\t\t\t\t\t\t\t\t\t<\/div>\n\t\t\t\t<\/div><!-- end .tm-info -->\n\t\t\t\t<div class=\"tm-quote\">\n\t\t\t\t\t<p>Wo die Sprache aufh\u00f6rt, f\u00e4ngt die Musik an.<\/p>\n\t\t\t\t<\/div><!-- end .tm-quote -->\n\t\t\t<\/div><!-- end .team-box -->\n\n\t\t <\/li><li id=\"dorayaki_team-7\" class=\"widget widget_dorayaki_team\">\n\t\t\t<div class=\"team-box\">\n\t\t\t\t<div class=\"tm-info\">\n\t\t\t\t\t<img decoding=\"async\" src=\"https:\/\/i0.wp.com\/jamaika.musikerohnegrenzen.de\/wp-content\/uploads\/2017\/05\/Sebastian-Pisot-1.jpg?w=960&#038;ssl=1\" alt=\"Sebastian \"Led\" Pisot\" class=\"tm-img\" data-recalc-dims=\"1\">\n\t\t\t\t\t<div class=\"tm-author\">\n\t\t\t\t\t\t<h4>Sebastian \"Led\" Pisot<\/h4>\n\t\t\t\t\t\t<span class=\"tm-pos\">Waldhorn, Trompete, Klavier, Schlagzeug, Gitarre, Musikunterricht<\/span>\n\t\t\t\t\t\t\t<p class=\"tm-text\">Nach dem Abitur gibt Led auf Jamaika Instrumentalunterricht. Er hat viel Spa\u00df beim Unterrichten und beim Kennenlernen der Menschen sowie deren Kultur. Zur\u00fcck in Deutschland will Led weiterhin f\u00fcr Musiker ohne Grenzen aktiv sein.<\/p>\n\t\t\t\t\t\t\t<a href=\"https:\/\/netzwerk.musikerohnegrenzen.de\/members\/laed\/\" class=\"tm-link\">Netzwerk<\/a>\t\t\t\t\t\t\t\t\t\t\t\t<\/div>\n\t\t\t\t<\/div><!-- end .tm-info -->\n\t\t\t\t<div class=\"tm-quote\">\n\t\t\t\t\t<p>Manchmal ist alles, was man braucht, um gl\u00fccklich zu sein, gute Musik.<\/p>\n\t\t\t\t<\/div><!-- end .tm-quote -->\n\t\t\t<\/div><!-- end .team-box -->\n\n\t\t <\/li><li id=\"dorayaki_team-6\" class=\"widget widget_dorayaki_team\">\n\t\t\t<div class=\"team-box\">\n\t\t\t\t<div class=\"tm-info\">\n\t\t\t\t\t<img decoding=\"async\" src=\"https:\/\/i0.wp.com\/jamaika.musikerohnegrenzen.de\/wp-content\/uploads\/2017\/05\/Aaron-Kreidenweis-Thomas-1.jpg?w=960&#038;ssl=1\" alt=\"Aaron Kreidenweis-Thomas\" class=\"tm-img\" data-recalc-dims=\"1\">\n\t\t\t\t\t<div class=\"tm-author\">\n\t\t\t\t\t\t<h4>Aaron Kreidenweis-Thomas<\/h4>\n\t\t\t\t\t\t<span class=\"tm-pos\">Klavier, ab und zu Gesang<\/span>\n\t\t\t\t\t\t\t<p class=\"tm-text\">Aaron unterrichtet Klavier und Gesang und war  f\u00fcr drei Monate im Jamaika-Trenchtownprojekt, wo er einen erlebnisreichen Aufenthalt in einer ihm fremden Kultur erlebte. MoG erm\u00f6glicht ihm sein musikalisches Verst\u00e4ndnis weiterzugeben, aber gleichzeitig zu bereichern.<\/p>\n\t\t\t\t\t\t\t<a href=\"https:\/\/netzwerk.musikerohnegrenzen.de\/members\/akreidenweis\/\" class=\"tm-link\">Netzwerk<\/a>\t\t\t\t\t\t\t\t\t\t\t\t<\/div>\n\t\t\t\t<\/div><!-- end .tm-info -->\n\t\t\t\t<div class=\"tm-quote\">\n\t\t\t\t\t<p>Weil es bereichert - die Kultur - die Musik und das Sein und Wirken in einer anderen Welt.<\/p>\n\t\t\t\t<\/div><!-- end .tm-quote -->\n\t\t\t<\/div><!-- end .team-box -->\n\n\t\t <\/li><\/ul><\/div><!-- widgets_on_page -->\n<p>&nbsp;<\/p>\n","protected":false},"excerpt":{"rendered":"<p>&nbsp;<\/p>\n","protected":false},"author":1,"featured_media":0,"parent":664,"menu_order":8,"comment_status":"closed","ping_status":"closed","template":"page-templates\/full-width.php","meta":{"footnotes":""},"translation":{"provider":"WPGlobus","version":"2.12.2","language":"en","enabled_languages":["de","en"],"languages":{"de":{"title":true,"content":true,"excerpt":false},"en":{"title":false,"content":false,"excerpt":false}}},"jetpack_sharing_enabled":true,"jetpack_shortlink":"https:\/\/wp.me\/P8Zlqp-O","_links":{"self":[{"href":"https:\/\/jamaika.musikerohnegrenzen.de\/en\/wp-json\/wp\/v2\/pages\/50"}],"collection":[{"href":"https:\/\/jamaika.musikerohnegrenzen.de\/en\/wp-json\/wp\/v2\/pages"}],"about":[{"href":"https:\/\/jamaika.musikerohnegrenzen.de\/en\/wp-json\/wp\/v2\/types\/page"}],"author":[{"embeddable":true,"href":"https:\/\/jamaika.musikerohnegrenzen.de\/en\/wp-json\/wp\/v2\/users\/1"}],"replies":[{"embeddable":true,"href":"https:\/\/jamaika.musikerohnegrenzen.de\/en\/wp-json\/wp\/v2\/comments?post=50"}],"version-history":[{"count":3,"href":"https:\/\/jamaika.musikerohnegrenzen.de\/en\/wp-json\/wp\/v2\/pages\/50\/revisions"}],"predecessor-version":[{"id":671,"href":"https:\/\/jamaika.musikerohnegrenzen.de\/en\/wp-json\/wp\/v2\/pages\/50\/revisions\/671"}],"up":[{"embeddable":true,"href":"https:\/\/jamaika.musikerohnegrenzen.de\/en\/wp-json\/wp\/v2\/pages\/664"}],"wp:attachment":[{"href":"https:\/\/jamaika.musikerohnegrenzen.de\/en\/wp-json\/wp\/v2\/media?parent=50"}],"curies":[{"name":"wp","href":"https:\/\/api.w.org\/{rel}","templated":true}]}}