{"id":520,"date":"2017-01-11T14:16:12","date_gmt":"2017-01-11T12:16:12","guid":{"rendered":"http:\/\/trenchtown.musikerohnegrenzen.de\/?page_id=520"},"modified":"2017-07-02T11:32:20","modified_gmt":"2017-07-02T09:32:20","slug":"team-2017","status":"publish","type":"page","link":"https:\/\/jamaika.musikerohnegrenzen.de\/en\/ueber-uns\/team\/team-2017\/","title":{"rendered":"Team 2017"},"content":{"rendered":"<div id='Team_2017' class='widgets_on_page wop_tiny1  wop_small1  wop_medium1  wop_large1  wop_wide1'>\n\t\t\t<ul><li id=\"dorayaki_team-4\" class=\"widget widget_dorayaki_team\">\n\t\t\t<div class=\"team-box\">\n\t\t\t\t<div class=\"tm-info\">\n\t\t\t\t\t<img decoding=\"async\" src=\"https:\/\/i0.wp.com\/jamaika.musikerohnegrenzen.de\/wp-content\/uploads\/2017\/05\/isabella-zastrow.jpg?w=960&#038;ssl=1\" alt=\"Isabella v. Zastrow\" class=\"tm-img\" data-recalc-dims=\"1\">\n\t\t\t\t\t<div class=\"tm-author\">\n\t\t\t\t\t\t<h4>Isabella v. Zastrow<\/h4>\n\t\t\t\t\t\t<span class=\"tm-pos\">Saxofon, Klarinette<\/span>\n\t\t\t\t\t\t\t<p class=\"tm-text\">Isabella will nach dem etwas monotonen Schulalltag endlich die Welt sehen und neue Erfahrungen sammeln. Mit MoG in Jamaika kann sie dieses Ziel super umsetzen und gleichzeitig ihr Hobby genie\u00dfen!  Au\u00dferdem hat sie Spa\u00df daran, in Bands zu spielen und freut sich darauf, Konzerte zu organisieren!<\/p>\n\t\t\t\t\t\t\t<a href=\"https:\/\/netzwerk.musikerohnegrenzen.de\/members\/isabellazastrow\/\" class=\"tm-link\">Netzwerk<\/a>\t\t\t\t\t\t\t\t\t\t\t\t<\/div>\n\t\t\t\t<\/div><!-- end .tm-info -->\n\t\t\t\t<div class=\"tm-quote\">\n\t\t\t\t\t<p>Musik befreit, egal wo man ist auf der Welt!<\/p>\n\t\t\t\t<\/div><!-- end .tm-quote -->\n\t\t\t<\/div><!-- end .team-box -->\n\n\t\t <\/li><li id=\"dorayaki_team-5\" class=\"widget widget_dorayaki_team\">\n\t\t\t<div class=\"team-box\">\n\t\t\t\t<div class=\"tm-info\">\n\t\t\t\t\t<img decoding=\"async\" src=\"https:\/\/i0.wp.com\/jamaika.musikerohnegrenzen.de\/wp-content\/uploads\/2017\/05\/kira-magnus.jpg?w=960&#038;ssl=1\" alt=\"Kira Magnus\" class=\"tm-img\" data-recalc-dims=\"1\">\n\t\t\t\t\t<div class=\"tm-author\">\n\t\t\t\t\t\t<h4>Kira Magnus<\/h4>\n\t\t\t\t\t\t<span class=\"tm-pos\">Klavier und Geige<\/span>\n\t\t\t\t\t\t\t<p class=\"tm-text\">Kira wird im November 2017 nach Jamaika fliegen und dort als Freiwillige mit im Projekt arbeiten und mit unterrichten.\r\n<\/p>\n\t\t\t\t\t\t\t<a href=\"https:\/\/netzwerk.musikerohnegrenzen.de\/members\/kmgns\/\" class=\"tm-link\">Netzwerk<\/a>\t\t\t\t\t\t\t\t\t\t\t\t<\/div>\n\t\t\t\t<\/div><!-- end .tm-info -->\n\t\t\t\t<div class=\"tm-quote\">\n\t\t\t\t\t<p>Musik verbindet und begeistert \u2013Musik \"ist\" grenzenlos.<\/p>\n\t\t\t\t<\/div><!-- end .tm-quote -->\n\t\t\t<\/div><!-- end .team-box -->\n\n\t\t <\/li><li id=\"dorayaki_team-2\" class=\"widget widget_dorayaki_team\">\n\t\t\t<div class=\"team-box\">\n\t\t\t\t<div class=\"tm-info\">\n\t\t\t\t\t<img decoding=\"async\" src=\"https:\/\/i0.wp.com\/jamaika.musikerohnegrenzen.de\/wp-content\/uploads\/2017\/05\/Annika-Tappert-1.jpg?w=960&#038;ssl=1\" alt=\"Annika Tappert\" class=\"tm-img\" data-recalc-dims=\"1\">\n\t\t\t\t\t<div class=\"tm-author\">\n\t\t\t\t\t\t<h4>Annika Tappert<\/h4>\n\t\t\t\t\t\t<span class=\"tm-pos\">Gitarre, Bass, Klavier & Schlagzeug<\/span>\n\t\t\t\t\t\t\t<p class=\"tm-text\">Annika war schon einmal auf Galapagos. Diesmal geht's aber nach Jamaika. Sie spielt alles, was sie in die Finger bekommt und kann sich bei Musik kaum halten. Sie m\u00f6chte die weite Welt sehen, die Musik an den verschiedensten Orten teilen und aufnehmen und dazu auch noch Spa\u00df haben!<\/p>\n\t\t\t\t\t\t\t<a href=\"https:\/\/netzwerk.musikerohnegrenzen.de\/members\/tappertann\/\" class=\"tm-link\">Netzwerk<\/a>\t\t\t\t\t\t\t\t\t\t\t\t<\/div>\n\t\t\t\t<\/div><!-- end .tm-info -->\n\t\t\t\t<div class=\"tm-quote\">\n\t\t\t\t\t<p>Musik ist eine eigene Sprache. Egal wo man herkommt, was man bis jetzt erlebt hat und wie man diese Erlebnisse aufgenommen hat, jeder kann diese Sprache sprechen! An diesem Ph\u00e4nomen m\u00f6chte ich teilhaben.<\/p>\n\t\t\t\t<\/div><!-- end .tm-quote -->\n\t\t\t<\/div><!-- end .team-box -->\n\n\t\t <\/li><li id=\"dorayaki_team-3\" class=\"widget widget_dorayaki_team\">\n\t\t\t<div class=\"team-box\">\n\t\t\t\t<div class=\"tm-info\">\n\t\t\t\t\t<img decoding=\"async\" src=\"https:\/\/i0.wp.com\/jamaika.musikerohnegrenzen.de\/wp-content\/uploads\/2017\/05\/Jonas-Matthies-1.jpg?w=960&#038;ssl=1\" alt=\"Jonas Matthies\" class=\"tm-img\" data-recalc-dims=\"1\">\n\t\t\t\t\t<div class=\"tm-author\">\n\t\t\t\t\t\t<h4>Jonas Matthies<\/h4>\n\t\t\t\t\t\t<span class=\"tm-pos\">Trompete<\/span>\n\t\t\t\t\t\t\t<p class=\"tm-text\">Jonas wird voraussichtlich im September nach Jamaika fliegen, um dort im Projekt in Trenchtown Musik und Trompete zu unterrichten. Er freut sich sehr auf viele neue Erfahrungen und Eindr\u00fccke.<\/p>\n\t\t\t\t\t\t\t<a href=\"https:\/\/netzwerk.musikerohnegrenzen.de\/members\/jonasm\/\" class=\"tm-link\">Netzwerk<\/a>\t\t\t\t\t\t\t\t\t\t\t\t<\/div>\n\t\t\t\t<\/div><!-- end .tm-info -->\n\t\t\t\t<div class=\"tm-quote\">\n\t\t\t\t\t<p>Musik macht einen sehr gro\u00dfen Teil in meinem Leben aus. Ich hoffe, dies mit so vielen Menschen wie m\u00f6glich teilen zu k\u00f6nnen.<\/p>\n\t\t\t\t<\/div><!-- end .tm-quote -->\n\t\t\t<\/div><!-- end .team-box -->\n\n\t\t <\/li><li id=\"dorayaki_team-33\" class=\"widget widget_dorayaki_team\">\n\t\t\t<div class=\"team-box\">\n\t\t\t\t<div class=\"tm-info\">\n\t\t\t\t\t<img decoding=\"async\" src=\"https:\/\/i0.wp.com\/jamaika.musikerohnegrenzen.de\/wp-content\/uploads\/2017\/05\/Cheyenne-Helmdorf.jpg?w=960&#038;ssl=1\" alt=\"Cheyenne Helmdorf\" class=\"tm-img\" data-recalc-dims=\"1\">\n\t\t\t\t\t<div class=\"tm-author\">\n\t\t\t\t\t\t<h4>Cheyenne Helmdorf<\/h4>\n\t\t\t\t\t\t<span class=\"tm-pos\">Querfl\u00f6te, Klavier, Musikalische Fr\u00fcherziehung<\/span>\n\t\t\t\t\t\t\t<p class=\"tm-text\">Den ganzen Tag mit Kindern, Jugendlichen und Erwachsenen Musik machen und dabei noch eine neue Kultur kennnelernen? Eine der sch\u00f6nsten M\u00f6glichkeiten, selbst neue Welten zu entdecken und von den Sch\u00fclerInnen entdecken zu lassen!<\/p>\n\t\t\t\t\t\t\t<a href=\"https:\/\/netzwerk.musikerohnegrenzen.de\/members\/chey\/\" class=\"tm-link\">Netzwerk<\/a>\t\t\t\t\t\t\t\t\t\t\t\t<\/div>\n\t\t\t\t<\/div><!-- end .tm-info -->\n\t\t\t\t<div class=\"tm-quote\">\n\t\t\t\t\t<p>Musik ist zum Teilen da!<\/p>\n\t\t\t\t<\/div><!-- end .tm-quote -->\n\t\t\t<\/div><!-- end .team-box -->\n\n\t\t <\/li><li id=\"dorayaki_team-34\" class=\"widget widget_dorayaki_team\">\n\t\t\t<div class=\"team-box\">\n\t\t\t\t<div class=\"tm-info\">\n\t\t\t\t\t<img decoding=\"async\" src=\"https:\/\/i0.wp.com\/jamaika.musikerohnegrenzen.de\/wp-content\/uploads\/2017\/05\/Yannis-Brueckner.jpg?w=960&#038;ssl=1\" alt=\"Yannis Br\u00fcckner\" class=\"tm-img\" data-recalc-dims=\"1\">\n\t\t\t\t\t<div class=\"tm-author\">\n\t\t\t\t\t\t<h4>Yannis Br\u00fcckner<\/h4>\n\t\t\t\t\t\t<span class=\"tm-pos\">Klavier und Saxophon<\/span>\n\t\t\t\t\t\t\t<p class=\"tm-text\">Yannis hat sich entschlossen vor dem Musikstudium einen Auslandsaufenthalt zu machen. MoG Jamaika war f\u00fcr ihn das perfekte Projekt um seine Liebe zur Musik und die Neugier auf andere Kulturen zu verbinden. Er freut sich sehr aufs Unterrichten und darauf t\u00e4glich neue  Erfahrungen zu sammeln.<\/p>\n\t\t\t\t\t\t\t<a href=\"https:\/\/netzwerk.musikerohnegrenzen.de\/members\/ypiano\/\" class=\"tm-link\">Netzwerk<\/a>\t\t\t\t\t\t\t\t\t\t\t\t<\/div>\n\t\t\t\t<\/div><!-- end .tm-info -->\n\t\t\t\t<div class=\"tm-quote\">\n\t\t\t\t\t<p>Musik ist die einzige Sprache, die jeder Mensch spricht und versteht. Daher bietet Musik so viele M\u00f6glichkeiten Menschen zusammen zu bringen. Das zu erleben finde ich unglaublich spannend.<\/p>\n\t\t\t\t<\/div><!-- end .tm-quote -->\n\t\t\t<\/div><!-- end .team-box -->\n\n\t\t <\/li><\/ul><\/div><!-- widgets_on_page -->\n","protected":false},"excerpt":{"rendered":"","protected":false},"author":1,"featured_media":0,"parent":664,"menu_order":0,"comment_status":"closed","ping_status":"closed","template":"page-templates\/full-width.php","meta":{"footnotes":""},"translation":{"provider":"WPGlobus","version":"2.12.2","language":"en","enabled_languages":["de","en"],"languages":{"de":{"title":true,"content":true,"excerpt":false},"en":{"title":false,"content":false,"excerpt":false}}},"jetpack_sharing_enabled":true,"jetpack_shortlink":"https:\/\/wp.me\/P8Zlqp-8o","_links":{"self":[{"href":"https:\/\/jamaika.musikerohnegrenzen.de\/en\/wp-json\/wp\/v2\/pages\/520"}],"collection":[{"href":"https:\/\/jamaika.musikerohnegrenzen.de\/en\/wp-json\/wp\/v2\/pages"}],"about":[{"href":"https:\/\/jamaika.musikerohnegrenzen.de\/en\/wp-json\/wp\/v2\/types\/page"}],"author":[{"embeddable":true,"href":"https:\/\/jamaika.musikerohnegrenzen.de\/en\/wp-json\/wp\/v2\/users\/1"}],"replies":[{"embeddable":true,"href":"https:\/\/jamaika.musikerohnegrenzen.de\/en\/wp-json\/wp\/v2\/comments?post=520"}],"version-history":[{"count":1,"href":"https:\/\/jamaika.musikerohnegrenzen.de\/en\/wp-json\/wp\/v2\/pages\/520\/revisions"}],"predecessor-version":[{"id":663,"href":"https:\/\/jamaika.musikerohnegrenzen.de\/en\/wp-json\/wp\/v2\/pages\/520\/revisions\/663"}],"up":[{"embeddable":true,"href":"https:\/\/jamaika.musikerohnegrenzen.de\/en\/wp-json\/wp\/v2\/pages\/664"}],"wp:attachment":[{"href":"https:\/\/jamaika.musikerohnegrenzen.de\/en\/wp-json\/wp\/v2\/media?parent=520"}],"curies":[{"name":"wp","href":"https:\/\/api.w.org\/{rel}","templated":true}]}}