{"id":55,"date":"2015-02-15T17:45:07","date_gmt":"2015-02-15T15:45:07","guid":{"rendered":"http:\/\/trenchtown.musikerohnegrenzen.de\/?page_id=55"},"modified":"2024-03-05T21:05:58","modified_gmt":"2024-03-05T20:05:58","slug":"kontakt","status":"publish","type":"page","link":"https:\/\/jamaika.musikerohnegrenzen.de\/en\/kontakt\/","title":{"rendered":"Kontakt"},"content":{"rendered":"\n<div class=\"wpcf7 no-js\" id=\"wpcf7-f6-o1\" lang=\"de-DE\" dir=\"ltr\">\n<div class=\"screen-reader-response\"><p role=\"status\" aria-live=\"polite\" aria-atomic=\"true\"><\/p> <ul><\/ul><\/div>\n<form action=\"\/en\/wp-json\/wp\/v2\/pages\/55#wpcf7-f6-o1\" method=\"post\" class=\"wpcf7-form init\" aria-label=\"Kontaktformular\" novalidate=\"novalidate\" data-status=\"init\">\n<div style=\"display: none;\">\n<input type=\"hidden\" name=\"_wpcf7\" value=\"6\" \/>\n<input type=\"hidden\" name=\"_wpcf7_version\" value=\"5.9.3\" \/>\n<input type=\"hidden\" name=\"_wpcf7_locale\" value=\"de_DE\" \/>\n<input type=\"hidden\" name=\"_wpcf7_unit_tag\" value=\"wpcf7-f6-o1\" \/>\n<input type=\"hidden\" name=\"_wpcf7_container_post\" value=\"0\" \/>\n<input type=\"hidden\" name=\"_wpcf7_posted_data_hash\" value=\"\" \/>\n<\/div>\n<p><label> Dein Name (Pflichtfeld)<br \/>\n<span class=\"wpcf7-form-control-wrap\" data-name=\"your-name\"><input size=\"40\" class=\"wpcf7-form-control wpcf7-text wpcf7-validates-as-required\" aria-required=\"true\" aria-invalid=\"false\" value=\"\" type=\"text\" name=\"your-name\" \/><\/span> <\/label>\n<\/p>\n<p><label> Deine E-Mail-Adresse (Pflichtfeld)<br \/>\n<span class=\"wpcf7-form-control-wrap\" data-name=\"your-email\"><input size=\"40\" class=\"wpcf7-form-control wpcf7-email wpcf7-validates-as-required wpcf7-text wpcf7-validates-as-email\" aria-required=\"true\" aria-invalid=\"false\" value=\"\" type=\"email\" name=\"your-email\" \/><\/span> <\/label>\n<\/p>\n<p><label> Betreff<br \/>\n<span class=\"wpcf7-form-control-wrap\" data-name=\"your-subject\"><input size=\"40\" class=\"wpcf7-form-control wpcf7-text\" aria-invalid=\"false\" value=\"\" type=\"text\" name=\"your-subject\" \/><\/span> <\/label>\n<\/p>\n<p><label> Ihre Nachricht<br \/>\n<span class=\"wpcf7-form-control-wrap\" data-name=\"your-message\"><textarea cols=\"40\" rows=\"10\" class=\"wpcf7-form-control wpcf7-textarea\" aria-invalid=\"false\" name=\"your-message\"><\/textarea><\/span> <\/label>\n<\/p>\n<p><input class=\"wpcf7-form-control wpcf7-submit has-spinner\" type=\"submit\" value=\"Senden\" \/>\n<\/p><div class=\"wpcf7-response-output\" aria-hidden=\"true\"><\/div>\n<\/form>\n<\/div>\n\n<p><strong><span style=\"color: #808080;\">Anbieter dieses Internet-Angebots ist<\/span><\/strong><\/p>\n<p><span style=\"color: #808080;\"><strong>Musiker ohne Grenzen &#8211; Jamaika<\/strong><\/span><br \/>\n<span style=\"color: #808080;\"> c\/o AGfJ in Hamburg e.V.<\/span><br \/>\n<span style=\"color: #808080;\"> Alfred-Wegener-Weg 3<\/span><br \/>\n<span style=\"color: #808080;\"> 20459 Hamburg<\/span><\/p>\n<p><span style=\"color: #808080;\"><strong>Redaktion: <\/strong>Joza Koinzer, Christoph Hanssen<strong><br \/>\n<\/strong><strong>Inhaltlich verantwortlich<\/strong> (\u00a7 5 TMG, \u00a7 55 RStV)<strong>:<\/strong> Christoph Hanssen<\/span><br \/>\n<span style=\"color: #808080;\"> <strong> Vertretungsberechtigter Vorstand:<\/strong> Antonia Frei, Joza Koinzer, Julian Ott<br \/>\n<strong>Registergericht:<\/strong> Amtsgericht Hamburg (VR 23379)<\/span><\/p>\n<p><span style=\"color: #808080;\"><strong>Haftungshinweis:<\/strong> Trotz sorgf\u00e4ltiger inhaltlicher Kontrolle \u00fcbernehmen wir keine Haftung f\u00fcr die Inhalte externer Links. F\u00fcr den Inhalt der verlinkten Seiten sind ausschlie\u00dflich deren Betreiber verantwortlich. Namentlich gekennzeichnete Beitr\u00e4ge geben nicht unbedingt die Meinung der Redaktion wieder.<\/span><\/p>\n","protected":false},"excerpt":{"rendered":"<p>Anbieter dieses Internet-Angebots ist Musiker ohne Grenzen &#8211; Jamaika c\/o AGfJ in Hamburg e.V. Alfred-Wegener-Weg 3 20459 Hamburg Redaktion: Joza Koinzer, Christoph Hanssen Inhaltlich verantwortlich (\u00a7 5 TMG, \u00a7 55 RStV): Christoph Hanssen Vertretungsberechtigter Vorstand: Antonia Frei, Joza Koinzer, Julian Ott Registergericht: Amtsgericht Hamburg (VR 23379) &hellip; <\/p>\n<p><a href=\"https:\/\/jamaika.musikerohnegrenzen.de\/en\/kontakt\/\" class=\"more-link\"><span class=\"morelink-icon\">Read more<\/span><\/a><\/p>\n","protected":false},"author":1,"featured_media":0,"parent":0,"menu_order":0,"comment_status":"closed","ping_status":"closed","template":"","meta":{"footnotes":""},"translation":{"provider":"WPGlobus","version":"2.12.2","language":"en","enabled_languages":["de","en"],"languages":{"de":{"title":true,"content":true,"excerpt":false},"en":{"title":false,"content":false,"excerpt":false}}},"jetpack_sharing_enabled":true,"jetpack_shortlink":"https:\/\/wp.me\/P8Zlqp-T","_links":{"self":[{"href":"https:\/\/jamaika.musikerohnegrenzen.de\/en\/wp-json\/wp\/v2\/pages\/55"}],"collection":[{"href":"https:\/\/jamaika.musikerohnegrenzen.de\/en\/wp-json\/wp\/v2\/pages"}],"about":[{"href":"https:\/\/jamaika.musikerohnegrenzen.de\/en\/wp-json\/wp\/v2\/types\/page"}],"author":[{"embeddable":true,"href":"https:\/\/jamaika.musikerohnegrenzen.de\/en\/wp-json\/wp\/v2\/users\/1"}],"replies":[{"embeddable":true,"href":"https:\/\/jamaika.musikerohnegrenzen.de\/en\/wp-json\/wp\/v2\/comments?post=55"}],"version-history":[{"count":11,"href":"https:\/\/jamaika.musikerohnegrenzen.de\/en\/wp-json\/wp\/v2\/pages\/55\/revisions"}],"predecessor-version":[{"id":1540,"href":"https:\/\/jamaika.musikerohnegrenzen.de\/en\/wp-json\/wp\/v2\/pages\/55\/revisions\/1540"}],"wp:attachment":[{"href":"https:\/\/jamaika.musikerohnegrenzen.de\/en\/wp-json\/wp\/v2\/media?parent=55"}],"curies":[{"name":"wp","href":"https:\/\/api.w.org\/{rel}","templated":true}]}}