{"id":924,"date":"2019-02-02T17:49:04","date_gmt":"2019-02-02T16:49:04","guid":{"rendered":"https:\/\/jamaika.musikerohnegrenzen.de\/?page_id=924"},"modified":"2020-02-03T10:44:40","modified_gmt":"2020-02-03T09:44:40","slug":"team-2019","status":"publish","type":"page","link":"https:\/\/jamaika.musikerohnegrenzen.de\/en\/ueber-uns\/team\/team-2019\/","title":{"rendered":"Team 2019"},"content":{"rendered":"<div id='Team_2019' class='widgets_on_page wop_tiny1  wop_small1  wop_medium1  wop_large1  wop_wide1'>\n\t\t\t<ul><li id=\"dorayaki_team-40\" class=\"widget widget_dorayaki_team\">\n\t\t\t<div class=\"team-box\">\n\t\t\t\t<div class=\"tm-info\">\n\t\t\t\t\t<img decoding=\"async\" src=\"https:\/\/i0.wp.com\/jamaika.musikerohnegrenzen.de\/wp-content\/uploads\/2019\/02\/Linus-Rappold-240.jpg?w=960&#038;ssl=1\" alt=\"Linus Rappold\" class=\"tm-img\" data-recalc-dims=\"1\">\n\t\t\t\t\t<div class=\"tm-author\">\n\t\t\t\t\t\t<h4>Linus Rappold<\/h4>\n\t\t\t\t\t\t<span class=\"tm-pos\">Klavier und Gitarre<\/span>\n\t\t\t\t\t\t\t<p class=\"tm-text\">Anfang M\u00e4rz fliegt Linus f\u00fcr ein halbes Jahr mit Musiker ohne Grenzen nach Jamaika. Er freut sich schon darauf dort Musik zu unterrichten, eine neue Kultur kennenzulernen, Perspektiven zu schaffen und selbst neue zu gewinnen.<\/p>\n\t\t\t\t\t\t\t\t\t\t\t\t\t\t\t\t\t\t\t<\/div>\n\t\t\t\t<\/div><!-- end .tm-info -->\n\t\t\t\t<div class=\"tm-quote\">\n\t\t\t\t\t<p>Musik ist wie ein alter Freund, der keine Fragen stellt.\r\n<\/p>\n\t\t\t\t<\/div><!-- end .tm-quote -->\n\t\t\t<\/div><!-- end .team-box -->\n\n\t\t <\/li><li id=\"dorayaki_team-41\" class=\"widget widget_dorayaki_team\">\n\t\t\t<div class=\"team-box\">\n\t\t\t\t<div class=\"tm-info\">\n\t\t\t\t\t<img decoding=\"async\" src=\"https:\/\/i0.wp.com\/jamaika.musikerohnegrenzen.de\/wp-content\/uploads\/2019\/02\/Sebastian-Salzmann-240.jpg?w=960&#038;ssl=1\" alt=\"Sebastian Salzmann\" class=\"tm-img\" data-recalc-dims=\"1\">\n\t\t\t\t\t<div class=\"tm-author\">\n\t\t\t\t\t\t<h4>Sebastian Salzmann<\/h4>\n\t\t\t\t\t\t<span class=\"tm-pos\">Trompete<\/span>\n\t\t\t\t\t\t\t<p class=\"tm-text\">Sebastian ist nach seinem Abi f\u00fcr 3 Monate in Jamaika und freut sich dort Trompete zu spielen und einfachen Musikunterricht zu geben.<\/p>\n\t\t\t\t\t\t\t\t\t\t\t\t\t\t\t\t\t\t\t<\/div>\n\t\t\t\t<\/div><!-- end .tm-info -->\n\t\t\t\t<div class=\"tm-quote\">\n\t\t\t\t\t<p>Musik ist international.<\/p>\n\t\t\t\t<\/div><!-- end .tm-quote -->\n\t\t\t<\/div><!-- end .team-box -->\n\n\t\t <\/li><li id=\"dorayaki_team-44\" class=\"widget widget_dorayaki_team\">\n\t\t\t<div class=\"team-box\">\n\t\t\t\t<div class=\"tm-info\">\n\t\t\t\t\t<img decoding=\"async\" src=\"https:\/\/i0.wp.com\/jamaika.musikerohnegrenzen.de\/wp-content\/uploads\/2019\/04\/Nina-Pfetzer-240.jpg?w=960&#038;ssl=1\" alt=\"Nina Pfetzer\" class=\"tm-img\" data-recalc-dims=\"1\">\n\t\t\t\t\t<div class=\"tm-author\">\n\t\t\t\t\t\t<h4>Nina Pfetzer<\/h4>\n\t\t\t\t\t\t<span class=\"tm-pos\">Saxofon, Querfl\u00f6te<\/span>\n\t\t\t\t\t\t\t<p class=\"tm-text\">Nina geht nach ihrem Abitur nach Jamaika, um ihre Neugier nach der Ferne zu stillen und ihre Freude an der Musik mit ebenfalls Begeisterten zu\r\nteilen. Ingesamt wird sie sechs Monate in Trenchtown das Projekt von\r\n\u0084Musiker ohne Grenzen\u0093 unterst\u00fctzen.<\/p>\n\t\t\t\t\t\t\t\t\t\t\t\t\t\t\t\t\t\t\t<\/div>\n\t\t\t\t<\/div><!-- end .tm-info -->\n\t\t\t\t<div class=\"tm-quote\">\n\t\t\t\t\t<p>Music doesn\u0092t lie. If there is something to be changed in this world,\r\nthen it can only happen through music. - Jimi Hendrix<\/p>\n\t\t\t\t<\/div><!-- end .tm-quote -->\n\t\t\t<\/div><!-- end .team-box -->\n\n\t\t <\/li><li id=\"dorayaki_team-45\" class=\"widget widget_dorayaki_team\">\n\t\t\t<div class=\"team-box\">\n\t\t\t\t<div class=\"tm-info\">\n\t\t\t\t\t<img decoding=\"async\" src=\"https:\/\/i0.wp.com\/jamaika.musikerohnegrenzen.de\/wp-content\/uploads\/2019\/04\/Jonas-Gaertner-240.jpg?w=960&#038;ssl=1\" alt=\"Jonas G\u00e4rtner\" class=\"tm-img\" data-recalc-dims=\"1\">\n\t\t\t\t\t<div class=\"tm-author\">\n\t\t\t\t\t\t<h4>Jonas G\u00e4rtner<\/h4>\n\t\t\t\t\t\t<span class=\"tm-pos\">Schlagzeug, Musikunterricht<\/span>\n\t\t\t\t\t\t\t<p class=\"tm-text\">Vor dem Studium hat Jonas nun die M\u00f6glichkeit, eine neue Kultur kennen zu lernen und sich mit dieser auseinander zu setzen. Dabei kann seine Leidenschaft zum Schlagzeug, an viele Menschen  weitergegeben werden. Der interkulturelle Austausch gibt ihm als auch seinen Sch\u00fclern neue Sichtweisen.<\/p>\n\t\t\t\t\t\t\t\t\t\t\t\t\t\t\t\t\t\t\t<\/div>\n\t\t\t\t<\/div><!-- end .tm-info -->\n\t\t\t\t<div class=\"tm-quote\">\n\t\t\t\t\t<p>Musik gibt Menschen einen Orientierungsrahmen,  diesem sie sich hingeben k\u00f6nnen.<\/p>\n\t\t\t\t<\/div><!-- end .tm-quote -->\n\t\t\t<\/div><!-- end .team-box -->\n\n\t\t <\/li><li id=\"dorayaki_team-46\" class=\"widget widget_dorayaki_team\">\n\t\t\t<div class=\"team-box\">\n\t\t\t\t<div class=\"tm-info\">\n\t\t\t\t\t<img decoding=\"async\" src=\"https:\/\/i0.wp.com\/jamaika.musikerohnegrenzen.de\/wp-content\/uploads\/2019\/04\/Julia-Naegele-240.jpg?w=960&#038;ssl=1\" alt=\"Julia N\u00e4gele\" class=\"tm-img\" data-recalc-dims=\"1\">\n\t\t\t\t\t<div class=\"tm-author\">\n\t\t\t\t\t\t<h4>Julia N\u00e4gele<\/h4>\n\t\t\t\t\t\t<span class=\"tm-pos\">Saxophon, Schul-(Musikunterricht)<\/span>\n\t\t\t\t\t\t\t<p class=\"tm-text\">Nach dem Studium m\u00f6chte Julia bevor sie in das Arbeitsleben startet, in eine andere kultuelle Welt eintauchen. Sie freut sich darauf Jamaika kennen zu lernen und dort mit den Menschen zu musizieren und ihr Wissen \u00fcber Musik weiter zu geben.<\/p>\n\t\t\t\t\t\t\t\t\t\t\t\t\t\t\t\t\t\t\t<\/div>\n\t\t\t\t<\/div><!-- end .tm-info -->\n\t\t\t\t<div class=\"tm-quote\">\n\t\t\t\t\t<p>Mich motiviert an Musiker ohne Grenzen, Kinder zu sehen, welche mit Melodien im Kopf durch die Welt laufen und stolz auf sich sind, dass sie wieder etwas neues gelernt und geschafft haben.<\/p>\n\t\t\t\t<\/div><!-- end .tm-quote -->\n\t\t\t<\/div><!-- end .team-box -->\n\n\t\t <\/li><li id=\"dorayaki_team-47\" class=\"widget widget_dorayaki_team\">\n\t\t\t<div class=\"team-box\">\n\t\t\t\t<div class=\"tm-info\">\n\t\t\t\t\t<img decoding=\"async\" src=\"https:\/\/i0.wp.com\/jamaika.musikerohnegrenzen.de\/wp-content\/uploads\/2019\/05\/Elias-Pavlidis-240.jpg?w=960&#038;ssl=1\" alt=\"Elias Pavlidis\" class=\"tm-img\" data-recalc-dims=\"1\">\n\t\t\t\t\t<div class=\"tm-author\">\n\t\t\t\t\t\t<h4>Elias Pavlidis<\/h4>\n\t\t\t\t\t\t<span class=\"tm-pos\">Neben dem Unterricht in den lokalen Schulen spiele und unterrichte ich die Trompete.<\/span>\n\t\t\t\t\t\t\t<p class=\"tm-text\">Ohne Musik w\u00e4re Elias aufgeschmissen. Denn ob Elias jemandem ein Lied auf der Trompete beibringt, mit den Schulkindern einen Rhythmus klatscht oder f\u00fcr sich mit Kopfh\u00f6rern aufs rooftop zur\u00fcck zieht...Es gibt kaum Situationen, in denen keine Musik Elias Leben begleitet. Um diese Passion weiter geben zu k\u00f6nnen freut sich Elias Teil des Projekts zu sein.<\/p>\n\t\t\t\t\t\t\t\t\t\t\t\t\t\t\t\t\t\t\t<\/div>\n\t\t\t\t<\/div><!-- end .tm-info -->\n\t\t\t\t<div class=\"tm-quote\">\n\t\t\t\t\t<p>Um die Freude zur Musik weiterzugeben und somit Perspektiven zu schaffen.<\/p>\n\t\t\t\t<\/div><!-- end .tm-quote -->\n\t\t\t<\/div><!-- end .team-box -->\n\n\t\t <\/li><li id=\"dorayaki_team-48\" class=\"widget widget_dorayaki_team\">\n\t\t\t<div class=\"team-box\">\n\t\t\t\t<div class=\"tm-info\">\n\t\t\t\t\t<img decoding=\"async\" src=\"https:\/\/i0.wp.com\/jamaika.musikerohnegrenzen.de\/wp-content\/uploads\/2019\/08\/Emilia-Selzer-240.jpg?w=960&#038;ssl=1\" alt=\"Emilia Selzer\" class=\"tm-img\" data-recalc-dims=\"1\">\n\t\t\t\t\t<div class=\"tm-author\">\n\t\t\t\t\t\t<h4>Emilia Selzer<\/h4>\n\t\t\t\t\t\t<span class=\"tm-pos\">Saxophon, Klarinette Meine Freude an der Musik zu teilen.<\/span>\n\t\t\t\t\t\t\t<p class=\"tm-text\">Emilia macht selber gerne leidenschaftlich Musik, doch eigentlich gibt es f\u00fcr sie nichts sch\u00f6neres als dies zu teilen. Mit Musiker ohne Grenzen wird ihr nun eine T\u00fcr in die Welt ge\u00f6ffnet, in der das Teilen der musikalischen Leidenschaft keine Grenzen kennt.<\/p>\n\t\t\t\t\t\t\t\t\t\t\t\t\t\t\t\t\t\t\t<\/div>\n\t\t\t\t<\/div><!-- end .tm-info -->\n\t\t\t\t<div class=\"tm-quote\">\n\t\t\t\t\t<p>Musik baut Br\u00fccken \u00fcber alle Grenzen hinweg.<\/p>\n\t\t\t\t<\/div><!-- end .tm-quote -->\n\t\t\t<\/div><!-- end .team-box -->\n\n\t\t <\/li><li id=\"dorayaki_team-49\" class=\"widget widget_dorayaki_team\">\n\t\t\t<div class=\"team-box\">\n\t\t\t\t<div class=\"tm-info\">\n\t\t\t\t\t<img decoding=\"async\" src=\"https:\/\/i0.wp.com\/jamaika.musikerohnegrenzen.de\/wp-content\/uploads\/2019\/08\/Rebekka-Fichtl-240.jpg?w=960&#038;ssl=1\" alt=\"Rebecca Fichtl\" class=\"tm-img\" data-recalc-dims=\"1\">\n\t\t\t\t\t<div class=\"tm-author\">\n\t\t\t\t\t\t<h4>Rebecca Fichtl<\/h4>\n\t\t\t\t\t\t<span class=\"tm-pos\">Klavier, Gitarre und Ukulele<\/span>\n\t\t\t\t\t\t\t<p class=\"tm-text\">Rebecca wird im Oktober nach Jamaica und im April nach Ecuador f\u00fcr jeweils ein halbes Jahr fliegen und dort Musikunterricht geben. Sie freut sich auf die Arbeit mit den Kindern und Jugendlichen. Au\u00dferdem freut sie sich darauf, Musik \u00fcbermitteln zu d\u00fcrfen. Sie ist schon gespannt auf viele neue Eindr\u00fccke und Erlebnisse.<\/p>\n\t\t\t\t\t\t\t\t\t\t\t\t\t\t\t\t\t\t\t<\/div>\n\t\t\t\t<\/div><!-- end .tm-info -->\n\t\t\t\t<div class=\"tm-quote\">\n\t\t\t\t\t<p>Musik verbindet!\r\n<\/p>\n\t\t\t\t<\/div><!-- end .tm-quote -->\n\t\t\t<\/div><!-- end .team-box -->\n\n\t\t <\/li><li id=\"dorayaki_team-50\" class=\"widget widget_dorayaki_team\">\n\t\t\t<div class=\"team-box\">\n\t\t\t\t<div class=\"tm-info\">\n\t\t\t\t\t<img decoding=\"async\" src=\"https:\/\/i0.wp.com\/jamaika.musikerohnegrenzen.de\/wp-content\/uploads\/2019\/09\/Henner-von-Stemm-240.jpg?w=960&#038;ssl=1\" alt=\"Henner von Stemm\" class=\"tm-img\" data-recalc-dims=\"1\">\n\t\t\t\t\t<div class=\"tm-author\">\n\t\t\t\t\t\t<h4>Henner von Stemm<\/h4>\n\t\t\t\t\t\t<span class=\"tm-pos\">Schlagzeug, Klavier, Trompete und ein bisschen Gitarre<\/span>\n\t\t\t\t\t\t\t<p class=\"tm-text\">Henner m\u00f6chte das erste mal f\u00fcr l\u00e4ngere Zeit ins Ausland und dort am liebsten viel Musik machen. Da hat sich das Jamaika-Projekt super angeboten, denn in dieses Land wollte der Henner schon sein Leben lang. Er ist ganz gespannt auf die Erfahrungen im Unterricht und auch au\u00dferhalb mit den Menschen und der Kultur vor Ort.\r\n<\/p>\n\t\t\t\t\t\t\t\t\t\t\t\t\t\t\t\t\t\t\t<\/div>\n\t\t\t\t<\/div><!-- end .tm-info -->\n\t\t\t\t<div class=\"tm-quote\">\n\t\t\t\t\t<p>Musik gibt jedem die M\u00f6glichkeit, etwas einzigartiges zu erschaffen. Sei es eine dreist\u00fcndige Oper oder nur ein einziger Ton, es ist jedes mal wieder etwas besonderes.<\/p>\n\t\t\t\t<\/div><!-- end .tm-quote -->\n\t\t\t<\/div><!-- end .team-box -->\n\n\t\t <\/li><\/ul><\/div><!-- widgets_on_page -->\n","protected":false},"excerpt":{"rendered":"","protected":false},"author":9,"featured_media":0,"parent":664,"menu_order":0,"comment_status":"closed","ping_status":"closed","template":"page-templates\/full-width.php","meta":{"footnotes":""},"translation":{"provider":"WPGlobus","version":"2.12.2","language":"en","enabled_languages":["de","en"],"languages":{"de":{"title":true,"content":true,"excerpt":false},"en":{"title":false,"content":false,"excerpt":false}}},"jetpack_sharing_enabled":true,"jetpack_shortlink":"https:\/\/wp.me\/P8Zlqp-eU","_links":{"self":[{"href":"https:\/\/jamaika.musikerohnegrenzen.de\/en\/wp-json\/wp\/v2\/pages\/924"}],"collection":[{"href":"https:\/\/jamaika.musikerohnegrenzen.de\/en\/wp-json\/wp\/v2\/pages"}],"about":[{"href":"https:\/\/jamaika.musikerohnegrenzen.de\/en\/wp-json\/wp\/v2\/types\/page"}],"author":[{"embeddable":true,"href":"https:\/\/jamaika.musikerohnegrenzen.de\/en\/wp-json\/wp\/v2\/users\/9"}],"replies":[{"embeddable":true,"href":"https:\/\/jamaika.musikerohnegrenzen.de\/en\/wp-json\/wp\/v2\/comments?post=924"}],"version-history":[{"count":1,"href":"https:\/\/jamaika.musikerohnegrenzen.de\/en\/wp-json\/wp\/v2\/pages\/924\/revisions"}],"predecessor-version":[{"id":925,"href":"https:\/\/jamaika.musikerohnegrenzen.de\/en\/wp-json\/wp\/v2\/pages\/924\/revisions\/925"}],"up":[{"embeddable":true,"href":"https:\/\/jamaika.musikerohnegrenzen.de\/en\/wp-json\/wp\/v2\/pages\/664"}],"wp:attachment":[{"href":"https:\/\/jamaika.musikerohnegrenzen.de\/en\/wp-json\/wp\/v2\/media?parent=924"}],"curies":[{"name":"wp","href":"https:\/\/api.w.org\/{rel}","templated":true}]}}